{"id":1022,"date":"2026-05-02T18:03:39","date_gmt":"2026-05-02T16:03:39","guid":{"rendered":"https:\/\/teszt.mariaremete.hu\/mr\/?page_id=1022"},"modified":"2026-05-03T15:08:52","modified_gmt":"2026-05-03T13:08:52","slug":"parish-at-the-church-of-the-nativity-of-the-virgin-mary-in-mariaremete","status":"publish","type":"page","link":"https:\/\/teszt.mariaremete.hu\/mr\/parish-at-the-church-of-the-nativity-of-the-virgin-mary-in-mariaremete\/","title":{"rendered":"History of the Shrine"},"content":{"rendered":"<p><span style=\"font-size: large;\">Parish at the Church of the Nativity of the Virgin Mary in M\u00e1riaremete<\/span><\/p>\n<p><b>Location:<\/b> <a href=\"https:\/\/maps.app.goo.gl\/24pNv3Vh1GBwuRQZA\"><span style=\"color: #1155cc;\"><u>Templom kert 1, 1029 Budapest, Hungary<\/u><\/span><\/a><\/p>\n<p><b>Opening hours:<\/b> Mo-Fri 7:00-12:00 AM; Sat 8:30-12:00 AM, 5:30-7:00 PM, Sunday 7:00-12:00 AM and 5:30-7:00 PM.<\/p>\n<p><b>Services:<\/b> Holy Masses in the parish church: Mo, Tue: 7:00 and 10:30 AM; Wed, Thu, Fri: 10:30 AM; Sat: 10:30 and 6:00 PM, Sunday: 7:30, 9:00, 11:00 AM and 6 PM, all services are in Hungarian.<\/p>\n<p><b>Parking<\/b>: by car in nearby streets, buses can park along the M\u00e1riaremete str. here: <a href=\"https:\/\/maps.app.goo.gl\/adKn25F9EtXwvEGV8\"><span style=\"color: #1155cc;\"><u>https:\/\/maps.app.goo.gl\/adKn25F9EtXwvEGV8<\/u><\/span><\/a><span style=\"color: #222222;\">.<\/span> Parking is free of charge.<\/p>\n<p><b>By public transport<\/b>: take buses No. 57, 157 and 157A from <a href=\"https:\/\/maps.app.goo.gl\/oWWdqECQgQWKBQqz9\"><span style=\"color: #1155cc;\"><u>H\u0171v\u00f6sv\u00f6lgy<\/u><\/span><\/a>.<\/p>\n<p><b>Pilgrims<\/b>: it is possible to hold a holy mass or common prayer in the church for pilgrim groups upon request.<\/p>\n<p><b>Contact an further information<\/b>: mariaremete.plebania@gmail.com<\/p>\n<p><span style=\"font-size: large;\">History of the Shrine<\/span><\/p>\n<p>In the mid-18th century a young woman, Katalin Thalwieser, came from the Danube riverhead to live in Hidegk\u00fat. She brought along a picture, a paper copy of the ancient statue of the Virgin of Einsiedeln (Switzerland). She fastened the picture to a roadside tree. People passing by would stop for a prayer at the picture. Many a prayer thus offered was found to be answered. To mention one example, a blind woman of Buda, Mrs. Forstmar, regained her sight after praying there. The landowner of the forest, Ign\u00e1c Tersty\u00e1nszky, first built a wooden chapel, then a small church of stone to house the picture. This church was consecrated in 1808, The great number of pilgrims, however, soon made it necessary to erect a larger church.<\/p>\n<p>At the initiative of Dr. J\u00e1nos Pauer, Diocesan Bishop of Sz\u00e9kesfeh\u00e9rv\u00e1r, an association was<\/p>\n<p>established with the object to build a church in place of the chapel. As a result of their efforts, a church in neo-gothic style came to be built. It was consecrated on October 1, 1899 by Diocesan Bishop F\u00fcl\u00f6p Steiner to the honour of the birth of the Virgin. Pope Pius X permitted plenary indulgence to pilgrims attending the church, under the usual conditions. In 1928 the shrine was given into the care of the Servite Order, who was holding it in charge until 1950.<\/p>\n<p>The Pope assigned the centenary of the apparition of the Immaculate Conception in Lourdes, 1958 the year of the Blessed Virgin. On this occasion, Pierre Th\u00e9as, Bishop of Lourdes and Tarbes, donated the replica of the statue of Lourdes to M\u00e1riaremete. It was erected on the open-air altar, on a rock brought from Lourdes. In 1991, Pope John Paul II granted the Shrine of M\u00e1riaremete the honouring title of &#8222;basilica minor&#8221;. On October 3, 1999, on the occasion of the century of the consecration of the church, Georg Holzherr, Abbot of Einsiedeln, concelebrated the solemn mass with Papal Nuncio Joseph Rauber, and Diocesan Bishop of Sz\u00e9kesfeh\u00e9rv\u00e1r, Dr. N\u00e1ndor Tak\u00e1cs.<\/p>\n<p>The Basilica is still a popular, well-attended shrine of the Virgin. Pilgrims seeking solace and healing come here from all over the country and even from abroad. Nearly 3000 marble votive tablets witness of the faith of believers, and of the great number of prayers answered. It is unfortunate that no minutes have been taken of all these cases but for a few, where miraculous healing could not be excluded.<\/p>\n<p><span style=\"font-size: large;\">Interior of the Church<\/span><\/p>\n<p>The interior in its present form was designed by Prof. Dr. Alfr\u00e9d Bardon, and built out 1963-64. The walls were repainted after the design by Istv\u00e1n Tak\u00e1cs, churchpainter of Mez\u0151k\u00f6vesd. In accordance with the liturgical reform, the Picture was placed in front of the high altar, on a socle imitating a tree. The fresco decorating the arch represents the &#8222;Hommage of the Hungarian people to the Blessed Virgin&#8221;, with &#8222;The woman clothed with the sun&#8221; (Rev. 12,1) on top. At her right, the fresco shows the first Hungarian king, St. Stephan, on his knees, who recommended his land to the protection of the Virgin. The fresco lines up outstanding figures of Hungarian history: saints and famous Church personalities. The representation of the noonday bell has an eminent place, it recalls the victory over the<\/p>\n<p>Turks at Belgrade, immortalising Hungarian heroism and veneration of the Blessed Virgin in Hungary.<\/p>\n<p>In the intersecting vaults of the aisle symbols of the seven sacraments are depicted. In the intersecting vaults of the nave symbols of the epithets of the Virgin are shown. The wall-surface below the choir is decorated with red marble votive tablets. In the aisle, around the Holy Cross and behind the Piet\u00e0, petitions and short prayers are written on the walls. The marble tablets of the nave record the names of donors contributing to the expenses of the construction of the church. The reliefs of the stations of pearwood are made by wood-carver Istv\u00e1n Bicskei. The organ of the church is also worth mentioning. It got to M\u00e1riaremete from Buda Castle, at the order of Francis Joseph I, King of Hungary.<\/p>\n","protected":false},"excerpt":{"rendered":"<p>Parish at the Church of the Nativity of the Virgin Mary in M\u00e1riaremete Location: Templom kert 1, 1029 Budapest, Hungary Opening hours: Mo-Fri 7:00-12:00 AM; Sat 8:30-12:00 AM, 5:30-7:00 PM, [&hellip;]<\/p>\n","protected":false},"author":2,"featured_media":0,"parent":0,"menu_order":0,"comment_status":"closed","ping_status":"closed","template":"","meta":{"_EventAllDay":false,"_EventTimezone":"","_EventStartDate":"","_EventEndDate":"","_EventStartDateUTC":"","_EventEndDateUTC":"","_EventShowMap":false,"_EventShowMapLink":false,"_EventURL":"","_EventCost":"","_EventCostDescription":"","_EventCurrencySymbol":"","_EventCurrencyCode":"","_EventCurrencyPosition":"","_EventDateTimeSeparator":"","_EventTimeRangeSeparator":"","_EventOrganizerID":[],"_EventVenueID":[],"_OrganizerEmail":"","_OrganizerPhone":"","_OrganizerWebsite":"","_VenueAddress":"","_VenueCity":"","_VenueCountry":"","_VenueProvince":"","_VenueState":"","_VenueZip":"","_VenuePhone":"","_VenueURL":"","_VenueStateProvince":"","_VenueLat":"","_VenueLng":"","_VenueShowMap":false,"_VenueShowMapLink":false,"footnotes":""},"class_list":["post-1022","page","type-page","status-publish","hentry"],"_links":{"self":[{"href":"https:\/\/teszt.mariaremete.hu\/mr\/wp-json\/wp\/v2\/pages\/1022","targetHints":{"allow":["GET"]}}],"collection":[{"href":"https:\/\/teszt.mariaremete.hu\/mr\/wp-json\/wp\/v2\/pages"}],"about":[{"href":"https:\/\/teszt.mariaremete.hu\/mr\/wp-json\/wp\/v2\/types\/page"}],"author":[{"embeddable":true,"href":"https:\/\/teszt.mariaremete.hu\/mr\/wp-json\/wp\/v2\/users\/2"}],"replies":[{"embeddable":true,"href":"https:\/\/teszt.mariaremete.hu\/mr\/wp-json\/wp\/v2\/comments?post=1022"}],"version-history":[{"count":2,"href":"https:\/\/teszt.mariaremete.hu\/mr\/wp-json\/wp\/v2\/pages\/1022\/revisions"}],"predecessor-version":[{"id":1259,"href":"https:\/\/teszt.mariaremete.hu\/mr\/wp-json\/wp\/v2\/pages\/1022\/revisions\/1259"}],"wp:attachment":[{"href":"https:\/\/teszt.mariaremete.hu\/mr\/wp-json\/wp\/v2\/media?parent=1022"}],"curies":[{"name":"wp","href":"https:\/\/api.w.org\/{rel}","templated":true}]}}