{"id":1035,"date":"2026-05-02T18:15:50","date_gmt":"2026-05-02T16:15:50","guid":{"rendered":"https:\/\/teszt.mariaremete.hu\/mr\/?page_id=1035"},"modified":"2026-05-02T18:30:31","modified_gmt":"2026-05-02T16:30:31","slug":"palyazati-tamogatasok","status":"publish","type":"page","link":"https:\/\/teszt.mariaremete.hu\/mr\/palyazati-tamogatasok\/","title":{"rendered":"P\u00e1ly\u00e1zati t\u00e1mogat\u00e1sok"},"content":{"rendered":"<p><a href=\"https:\/\/teszt.mariaremete.hu\/mr\/wp-content\/uploads\/2026\/05\/Bethlen-Gabor-Alapkezelo-EGYH-KCP-18-P-0105_Szakmai_beszamolo.pdf\">Bethlen G\u00e1bor Alapkezel\u0151 EGYH-KCP-18-P-0105_Szakmai_beszamolo<\/a><\/p>\n<p><a href=\"https:\/\/teszt.mariaremete.hu\/mr\/wp-content\/uploads\/2026\/05\/Bethlen-Gabor-Alapkezelo-EGYH-KCP-18-P-0105_Szoveges_es_fenykepes_beszamolo.pdf\">Bethlen G\u00e1bor Alapkezel\u0151 EGYH-KCP-18-P-0105_Szoveges_es_fenykepes_beszamolo<\/a><\/p>\n<p><a href=\"https:\/\/teszt.mariaremete.hu\/mr\/wp-content\/uploads\/2026\/05\/EGYH-KCP-16-P-0131.pdf\">EGYH-KCP-16-P-0131<\/a><\/p>\n<p><a href=\"https:\/\/teszt.mariaremete.hu\/mr\/wp-content\/uploads\/2026\/05\/EGYH-KCP-20-P-0122.pdf\">EGYH-KCP-20-P-0122<\/a><\/p>\n<p><a href=\"https:\/\/teszt.mariaremete.hu\/mr\/wp-content\/uploads\/2026\/05\/EKCP-KP-1-20244-000107.pdf\">EKCP-KP-1-20244-000107<\/a><\/p>\n<p>&nbsp;<\/p>\n","protected":false},"excerpt":{"rendered":"<p>Bethlen G\u00e1bor Alapkezel\u0151 EGYH-KCP-18-P-0105_Szakmai_beszamolo Bethlen G\u00e1bor Alapkezel\u0151 EGYH-KCP-18-P-0105_Szoveges_es_fenykepes_beszamolo EGYH-KCP-16-P-0131 EGYH-KCP-20-P-0122 EKCP-KP-1-20244-000107 &nbsp;<\/p>\n","protected":false},"author":2,"featured_media":0,"parent":0,"menu_order":0,"comment_status":"closed","ping_status":"closed","template":"","meta":{"_EventAllDay":false,"_EventTimezone":"","_EventStartDate":"","_EventEndDate":"","_EventStartDateUTC":"","_EventEndDateUTC":"","_EventShowMap":false,"_EventShowMapLink":false,"_EventURL":"","_EventCost":"","_EventCostDescription":"","_EventCurrencySymbol":"","_EventCurrencyCode":"","_EventCurrencyPosition":"","_EventDateTimeSeparator":"","_EventTimeRangeSeparator":"","_EventOrganizerID":[],"_EventVenueID":[],"_OrganizerEmail":"","_OrganizerPhone":"","_OrganizerWebsite":"","_VenueAddress":"","_VenueCity":"","_VenueCountry":"","_VenueProvince":"","_VenueState":"","_VenueZip":"","_VenuePhone":"","_VenueURL":"","_VenueStateProvince":"","_VenueLat":"","_VenueLng":"","_VenueShowMap":false,"_VenueShowMapLink":false,"footnotes":""},"class_list":["post-1035","page","type-page","status-publish","hentry"],"_links":{"self":[{"href":"https:\/\/teszt.mariaremete.hu\/mr\/wp-json\/wp\/v2\/pages\/1035","targetHints":{"allow":["GET"]}}],"collection":[{"href":"https:\/\/teszt.mariaremete.hu\/mr\/wp-json\/wp\/v2\/pages"}],"about":[{"href":"https:\/\/teszt.mariaremete.hu\/mr\/wp-json\/wp\/v2\/types\/page"}],"author":[{"embeddable":true,"href":"https:\/\/teszt.mariaremete.hu\/mr\/wp-json\/wp\/v2\/users\/2"}],"replies":[{"embeddable":true,"href":"https:\/\/teszt.mariaremete.hu\/mr\/wp-json\/wp\/v2\/comments?post=1035"}],"version-history":[{"count":6,"href":"https:\/\/teszt.mariaremete.hu\/mr\/wp-json\/wp\/v2\/pages\/1035\/revisions"}],"predecessor-version":[{"id":1048,"href":"https:\/\/teszt.mariaremete.hu\/mr\/wp-json\/wp\/v2\/pages\/1035\/revisions\/1048"}],"wp:attachment":[{"href":"https:\/\/teszt.mariaremete.hu\/mr\/wp-json\/wp\/v2\/media?parent=1035"}],"curies":[{"name":"wp","href":"https:\/\/api.w.org\/{rel}","templated":true}]}}