{"id":13,"date":"2016-08-21T11:31:44","date_gmt":"2016-08-21T10:31:44","guid":{"rendered":"http:\/\/mariaremete.hu\/mr\/?page_id=13"},"modified":"2025-12-04T06:49:42","modified_gmt":"2025-12-04T05:49:42","slug":"hivatali-ugyek","status":"publish","type":"page","link":"https:\/\/teszt.mariaremete.hu\/mr\/hivatali-ugyek\/","title":{"rendered":"Hivatali \u00fcgyek"},"content":{"rendered":"<p>M\u00e1riaremetei Kisboldogasszony Bazilika Pl\u00e9b\u00e1nia<\/p>\n<p>1029 Budapest II., Templomkert 1.<\/p>\n<p>&nbsp;<\/p>\n<p><strong>Templom nyitvatart\u00e1sa:<\/strong><\/p>\n<p>h\u00e9tf\u0151t\u0151l p\u00e9ntekig\u00a0 7 &#8211; 12 \u00f3r\u00e1ig<\/p>\n<p>szombaton \u00e9s vas\u00e1rnap 7:00-12:00 \u00e9s 17:30-19:00 k\u00f6z\u00f6tt<\/p>\n<p>&nbsp;<\/p>\n<p><strong>Hivatalos \u00f3r\u00e1k:<\/strong><\/p>\n<p>kedden 9:00-10:00,<\/p>\n<p>cs\u00fct\u00f6rt\u00f6k\u00f6n 17:00-18:00 k\u00f6z\u00f6tt.<\/p>\n<p>A lelkip\u00e1sztor esetleges s\u00fcrg\u0151s elfoglalts\u00e1ga miatt c\u00e9lszer\u0171 \u00e9rdekl\u0151dni az al\u00e1bbi telefonon:<\/p>\n<p>Telefon: +36-1-376-53-23<\/p>\n<p>F\u00e9nyposta: plebania [kukac] mariaremete.hu<\/p>\n<p>&nbsp;<\/p>\n<hr \/>\n<p><strong>Keresztel\u00e9s bejelent\u00e9se:<\/strong><\/p>\n<p>egy h\u00f3nappal el\u0151tte<\/p>\n<hr \/>\n<p><strong>H\u00e1zass\u00e1gk\u00f6t\u00e9s bejelent\u00e9se:<\/strong><\/p>\n<p>1\/2 \u00e9vvel\u00a0el\u0151tte<\/p>\n<p>Esk\u00fcv\u0151i jelentkez\u00e9s csak advent 1. het\u00e9t\u0151l!<\/p>\n<p>JELENTKEZ\u00c9S CSAK HIVATALI ID\u0150BEN \u00c9S CSAK SZEM\u00c9LYESEN!!<\/p>\n<p>Figyelj\u00e9k a templomi hirdet\u00e9st az esetleges nyitva tart\u00e1s v\u00e1ltoz\u00e1sa miatt!!<\/p>\n<p>K\u00e9rj\u00fck azokat a jegyeseket, akik idei \u00e9vben sz\u00e1nd\u00e9koznak h\u00e1zass\u00e1got k\u00f6tni, m\u00e9g janu\u00e1r h\u00f3napban jelentkezzenek!<\/p>\n<p>A h\u00e1zass\u00e1g mivel szents\u00e9g, k\u00e9rj\u00fck a jegyesek maguk j\u00f6jjenek!<\/p>\n<p>Jelentkez\u00e9s el\u0151tt \u00e9rdemes telefonon bejelentkezni!<\/p>\n<hr \/>\n<p><strong>Temet\u00e9s bejelent\u00e9se:<\/strong><\/p>\n<p style=\"text-align: left;\" align=\"center\">Pl\u00e9b\u00e1ni\u00e1nk ter\u00fclet\u00e9n lakott\u00a0 h\u00edveket a helyb\u00e9li pl\u00e9b\u00e1ni\u00e1n kell anyak\u00f6nyveztetni, akkor is, ha vend\u00e9g atya temeti!<\/p>\n<hr \/>\n<p style=\"text-align: left;\" align=\"center\"><strong>Egyh\u00e1zi ad\u00f3:<\/strong><\/p>\n<p align=\"justify\">Az \u00fagynevezett egyh\u00e1zk\u00f6zs\u00e9gi hozz\u00e1j\u00e1rul\u00e1st (&#8222;egyh\u00e1zi ad\u00f3&#8221;) minden katolikusnak arra a pl\u00e9b\u00e1ni\u00e1ra kell befizetnie, amelynek ter\u00fclet\u00e9n lakik (\u00e1lland\u00f3, vagy ideiglenes lakc\u00edme van) CIC 518. k\u00e1non.<br \/>\nTeh\u00e1t a pl\u00e9b\u00e1ni\u00e1hoz val\u00f3 tartoz\u00e1s nem tetsz\u0151leges, hanem a lak\u00f3hely szerint automatikus. Szentmis\u00e9re \u00e9s m\u00e1s liturgikus cselem\u00e9nyekre, hitoktat\u00e1sra, k\u00f6z\u00f6ss\u00e9gbe a h\u00edv\u0151k szabad v\u00e1laszt\u00e1suk szerint j\u00e1rhatnak b\u00e1rmely katolikus templomba, pl\u00e9b\u00e1ni\u00e1ra. Ezeken a helyeken adom\u00e1nyokat is tehetnek, ez azonban nem t\u00e9vesztend\u0151 \u00f6ssze az \u00fagynevezett &#8222;egyh\u00e1zi ad\u00f3val&#8221;.<br \/>\nA k\u00e9rt &#8222;egyh\u00e1zi ad\u00f3&#8221; m\u00e9rt\u00e9ke a nett\u00f3 j\u00f6vedelem 1%-a, a csal\u00e1dok term\u00e9szetesen egy\u00fcttesen is fizethetik &#8222;egyh\u00e1zi ad\u00f3jukat&#8221;.<\/p>\n<div align=\"justify\">K\u00e9rj\u00fck h\u00edveinket, aki m\u00e9g nem rendezte, sz\u00edveskedj\u00e9k ak\u00e1r a sekresty\u00e9ben, vagy hivatalos id\u0151ben az irod\u00e1ban rendezni.\u00a0 K\u00f6sz\u00f6nj\u00fck!!<\/div>\n<p>&nbsp;<\/p>\n<p>&nbsp;<\/p>\n","protected":false},"excerpt":{"rendered":"<p>M\u00e1riaremetei Kisboldogasszony Bazilika Pl\u00e9b\u00e1nia 1029 Budapest II., Templomkert 1. &nbsp; Templom nyitvatart\u00e1sa: h\u00e9tf\u0151t\u0151l p\u00e9ntekig\u00a0 7 &#8211; 12 \u00f3r\u00e1ig szombaton \u00e9s vas\u00e1rnap 7:00-12:00 \u00e9s 17:30-19:00 k\u00f6z\u00f6tt &nbsp; Hivatalos \u00f3r\u00e1k: kedden 9:00-10:00, [&hellip;]<\/p>\n","protected":false},"author":1,"featured_media":0,"parent":0,"menu_order":0,"comment_status":"closed","ping_status":"closed","template":"","meta":{"_EventAllDay":false,"_EventTimezone":"","_EventStartDate":"","_EventEndDate":"","_EventStartDateUTC":"","_EventEndDateUTC":"","_EventShowMap":false,"_EventShowMapLink":false,"_EventURL":"","_EventCost":"","_EventCostDescription":"","_EventCurrencySymbol":"","_EventCurrencyCode":"","_EventCurrencyPosition":"","_EventDateTimeSeparator":"","_EventTimeRangeSeparator":"","_EventOrganizerID":[],"_EventVenueID":[],"_OrganizerEmail":"","_OrganizerPhone":"","_OrganizerWebsite":"","_VenueAddress":"","_VenueCity":"","_VenueCountry":"","_VenueProvince":"","_VenueState":"","_VenueZip":"","_VenuePhone":"","_VenueURL":"","_VenueStateProvince":"","_VenueLat":"","_VenueLng":"","_VenueShowMap":false,"_VenueShowMapLink":false,"footnotes":""},"class_list":["post-13","page","type-page","status-publish","hentry"],"_links":{"self":[{"href":"https:\/\/teszt.mariaremete.hu\/mr\/wp-json\/wp\/v2\/pages\/13","targetHints":{"allow":["GET"]}}],"collection":[{"href":"https:\/\/teszt.mariaremete.hu\/mr\/wp-json\/wp\/v2\/pages"}],"about":[{"href":"https:\/\/teszt.mariaremete.hu\/mr\/wp-json\/wp\/v2\/types\/page"}],"author":[{"embeddable":true,"href":"https:\/\/teszt.mariaremete.hu\/mr\/wp-json\/wp\/v2\/users\/1"}],"replies":[{"embeddable":true,"href":"https:\/\/teszt.mariaremete.hu\/mr\/wp-json\/wp\/v2\/comments?post=13"}],"version-history":[{"count":10,"href":"https:\/\/teszt.mariaremete.hu\/mr\/wp-json\/wp\/v2\/pages\/13\/revisions"}],"predecessor-version":[{"id":862,"href":"https:\/\/teszt.mariaremete.hu\/mr\/wp-json\/wp\/v2\/pages\/13\/revisions\/862"}],"wp:attachment":[{"href":"https:\/\/teszt.mariaremete.hu\/mr\/wp-json\/wp\/v2\/media?parent=13"}],"curies":[{"name":"wp","href":"https:\/\/api.w.org\/{rel}","templated":true}]}}