{"id":17,"date":"2016-08-21T11:33:33","date_gmt":"2016-08-21T11:33:33","guid":{"rendered":"http:\/\/mariaremete.hu\/mr\/?page_id=17"},"modified":"2025-11-30T05:06:30","modified_gmt":"2025-11-30T04:06:30","slug":"hazassagkotes-mariaremeten","status":"publish","type":"page","link":"https:\/\/teszt.mariaremete.hu\/mr\/hazassagkotes-mariaremeten\/","title":{"rendered":"H\u00e1zass\u00e1gk\u00f6t\u00e9s M\u00e1riaremet\u00e9n"},"content":{"rendered":"<p style=\"text-align: center;\"><strong>H\u00e1zass\u00e1gk\u00f6t\u00e9s bejelent\u00e9se:<\/strong><\/p>\n<p style=\"text-align: center;\">1\/2 \u00e9vvel el\u0151tte<\/p>\n<p style=\"text-align: center;\"><strong><em>K\u00f6vetkez\u0151 \u00e9vre esk\u00fcv\u0151i jelentkez\u00e9s csak advent 1. het\u00e9t\u0151l!<\/em><\/strong><\/p>\n<p style=\"text-align: center;\"><strong><em>JELENTKEZ\u00c9S CSAK HIVATALI ID\u0150BEN \u00c9S CSAK SZEM\u00c9LYESEN!!<\/em><\/strong><\/p>\n<p style=\"text-align: center;\"><strong><em><u>Figyelj\u00e9k a templomi hirdet\u00e9st az esetleges nyitva tart\u00e1s v\u00e1ltoz\u00e1sa miatt!!<\/u><\/em><\/strong><\/p>\n<p style=\"text-align: center;\">( M\u00e1r most jelezz\u00fck, hogy j\u00f6v\u0151re lesznek eg\u00e9sz napos programok<\/p>\n<p style=\"text-align: center;\">templomunkban, amikor nem tudunk esk\u00fcv\u0151t felvenni:<\/p>\n<ul>\n<li>\n<p align=\"CENTER\"><span style=\"color: #333333;\"><span style=\"font-family: Verdana, Geneva, Arial, Helvetica, sans-serif;\"><span style=\"font-size: small;\">2025.04.18-21.. H\u00fasv\u00e9ti szent h\u00e1rom nap<br \/>\n2025.05.24. \u00c9l\u0151 R\u00f3zsaf\u00fcz\u00e9r zar\u00e1ndoklat<br \/>\n2025.06.08. P\u00fcnk\u00f6sd<\/span><\/span><\/span><\/p>\n<p align=\"CENTER\"><span style=\"color: #333333;\"><span style=\"font-family: Verdana, Geneva, Arial, Helvetica, sans-serif;\"><span style=\"font-size: small;\">2025.06.14<\/span><\/span><\/span><\/p>\n<p align=\"CENTER\"><span style=\"color: #333333;\"><span style=\"font-family: Verdana, Geneva, Arial, Helvetica, sans-serif;\"><span style=\"font-size: small;\">2025.06.21.<\/span><\/span><\/span><\/p>\n<\/li>\n<\/ul>\n<p>&nbsp;<\/p>\n<p>&nbsp;<\/p>\n<p align=\"center\"><u><strong>M\u00c1RIAREMET\u00c9N T\u00d6RT\u00c9N\u0150<br \/>\n<\/strong><\/u><u><strong>H\u00c1ZASS\u00c1GK\u00d6T\u00c9SHEZ<br \/>\n<\/strong><\/u><u><strong>SZ\u00dcKS\u00c9GES:<\/strong><\/u><\/p>\n<p><strong><u>Katolikus k\u00f6sz\u00f6nt\u00e9s:<br \/>\n<em>Hiv\u0151<\/em><\/u><em><u>:\u201e<\/u> Dics\u00e9rtess\u00e9k a J\u00e9zus Krisztus !\u201d <\/em><\/strong><strong><em><u><br \/>\n<\/u><u>Pap vagy vil\u00e1gi h\u00edv\u0151<\/u>:\u201d Mind\u00f6r\u00f6kk\u00e9. Amen.\u201d<\/em><\/strong><strong><em><br \/>\n<\/em><\/strong><\/p>\n<p align=\"center\"><u><strong><em>ESK\u00dcV\u0150 CSAK\u00a0 A\u00a0 BAZILIK\u00c1BAN\u00a0 LEHETS\u00c9GES,\u00a0\u00a0 A\u00a0 SZABADT\u00c9RI\u00a0 OLT\u00c1RN\u00c1L\u00a0 NEM !<br \/>\n<\/em><\/strong><\/u><\/p>\n<p><strong><em>1.\/ \u00dajkelet\u0171\u00a0 keresztlev\u00e9l a keresztel\u00e9s hely\u00e9r\u0151l \/ nem lehet r\u00e9gebbi 3 h\u00f3napn\u00e1l !!!\/<br \/>\n2.\/ H\u00e1zass\u00e1gi elbocs\u00e1jt\u00f3 a lak\u00f3hely szerinti Pl\u00e9b\u00e1ni\u00e1r\u00f3l<br \/>\n3.\/ Rendszeres szentmisehallgat\u00e1s<br \/>\n4.\/ Els\u0151\u00e1ldoz\u00e1s \u2013 b\u00e9rm\u00e1l\u00e1s \/ lehet\u0151leg\/<br \/>\n5.\/ Ha vegyes vall\u00e1s\u00faak a jegyesek, akkor felment\u00e9s<br \/>\n6.\/ Ha valamelyik f\u00e9l kereszteletlen, egy \u00e9v hitoktat\u00e1son val\u00f3 r\u00e9szv\u00e9tel !!!!<br \/>\n7.\/ Jegyesoktat\u00e1son val\u00f3 r\u00e9szv\u00e9tel<\/em><\/strong><\/p>\n<p><strong><em>8.\/ Olt\u00e1rd\u00edsz\u00edt\u00e9s jegyesek feladata \/ megbesz\u00e9lni a helyi d\u00edsz\u00edt\u0151vel!<br \/>\n9.\/ Vend\u00e9g orgonista NEM j\u00f6het az orgona \u00e1llapota miatt!<\/em><\/strong><\/p>\n<p><strong><em>10.\/ Mivel a h\u00e1zass\u00e1g szents\u00e9g, ez\u00e9rt a jegyesek maguk jelentkezzenek! <\/em><\/strong><\/p>\n<p><strong><em>JELENTKEZ\u00c9S: 1\/2 \u00e9vvel el\u0151bb! :<br \/>\n<\/em><\/strong><\/p>\n<p align=\"center\"><strong><em>Kedden\u00a0\u00e9s cs\u00fct\u00f6rt\u00f6k\u00f6n lehet\u00a0telefonon bejelentkezni d.e. 9-10 \u2013ig \u00e9s id\u0151pontot k\u00e9rni a szem\u00e9lyes tal\u00e1lkoz\u00e1shoz keddi vagy cs\u00fct\u00f6rt\u00f6ki hivatalos \u00f3r\u00e1ra\u00a0pl\u00e9b\u00e1nos aty\u00e1n\u00e1l. Telefon\u00e1lni az\u00e9rt kell el\u0151tte, mert el\u0151fordulhat, hogy a f\u00e9lfogad\u00e1s m\u00e1s hivatalos elfoglalts\u00e1g miatt elmarad:\u00a0\u00a0<\/em><\/strong><\/p>\n<p align=\"center\"><u><strong><em>376-53-23<\/em><\/strong><\/u><\/p>\n<p align=\"center\"><strong><em>Esk\u00fcv\u0151t csak\u00a0Pl\u00e9b\u00e1nos\u00a0atya vehet fel!\u00a0\u00a0\u00a0\u00a0\u00a0\u00a0\u00a0\u00a0\u00a0\u00a0\u00a0\u00a0\u00a0\u00a0<\/em><\/strong><em><strong><br \/>\n<\/strong><strong>JEGYESOKTAT\u00c1S: az esket\u00e9s hely\u00e9n!<\/strong><\/em><\/p>\n<p align=\"center\"><strong><em><u>K\u00e9rj\u00fck, jelentkezzenek<\/u><\/em><\/strong><\/p>\n<p align=\"center\"><strong><em><u>advent els\u0151 het\u00e9t\u0151l janu\u00e1r 31-ig!<\/u><\/em><\/strong><\/p>\n<p align=\"left\"><strong><em>\u00a0\u00a0\u00a0\u00a0\u00a0\u00a0\u00a0\u00a0\u00a0\u00a0\u00a0\u00a0\u00a0\u00a0\u00a0\u00a0\u00a0\u00a0\u00a0\u00a0\u00a0\u00a0\u00a0\u00a0\u00a0\u00a0\u00a0\u00a0\u00a0\u00a0\u00a0\u00a0\u00a0\u00a0\u00a0\u00a0\u00a0\u00a0\u00a0<\/em><\/strong><u><strong><em>EGY\u00c9B:<\/em><\/strong><\/u><\/p>\n<p><strong><em><u>Olt\u00e1rd\u00edsz\u00edt\u0151: <\/u>MAJNEK\u00a0 ISTV\u00c1NN\u00c9 , Solym\u00e1r Templom t\u00e9r 3\/a<\/em><\/strong><\/p>\n<p><strong><em>\u00a0\u00a0\u00a0\u00a0\u00a0\u00a0\u00a0\u00a0\u00a0\u00a0\u00a0\u00a0\u00a0\u00a0\u00a0\u00a0\u00a0\u00a0\u00a0\u00a0 tel.: 06.26\/ 361-802.<\/em><\/strong><\/p>\n<p><strong><em><u>Anyagiak:<\/u> \u00c9rseks\u00e9g \u00e1ltal megszabott st\u00f3lad\u00edj szerint!!<\/em><\/strong><\/p>\n<p><strong><em>Rendk\u00edv\u00fcli zenesz\u00e1mok v. k\u00fcl\u00f6n k\u00eds\u00e9r\u00e9s honor\u00e1rium\u00e1t a K\u00c1NTORRAL KELL rendezni!\u00a0\u00a0\u00a0\u00a0\u00a0\u00a0\u00a0<\/em><\/strong><\/p>\n<p>&#8212;&#8212;&#8212;&#8212;&#8212;&#8212;&#8212;&#8212;&#8212;&#8212;&#8212;&#8212;&#8212;&#8212;&#8212;&#8212;&#8212;&#8212;&#8212;&#8212;&#8212;&#8212;&#8212;&#8212;&#8212;&#8212;&#8212;&#8211;<\/p>\n<h5><strong>Ferenc p\u00e1pa nyolc tan\u00e1csa jegyes- \u00e9s h\u00e1zasp\u00e1roknak<br \/>\n<\/strong><\/h5>\n<p>&nbsp;<\/p>\n<p class=\"lead\">Ferenc p\u00e1pa jegyesp\u00e1roknak tartott febru\u00e1ri tan\u00edt\u00e1sa alapj\u00e1n k\u00e9sz\u00fclt a Rome Reports \u00f6ssze\u00e1ll\u00edt\u00e1sa, melyet a szerz\u0151k kieg\u00e9sz\u00edtettek a besz\u00e9d teljes sz\u00f6vege alapj\u00e1n.<\/p>\n<p class=\"lead\">Az eredeti cikk itt olvashat\u00f3: <a href=\"http:\/\/www.magyarkurir.hu\/hirek\/ferenc-papa-nyolc-tanacsa-jegyes-es-hazasparoknak\">http:\/\/www.magyarkurir.hu\/hirek\/ferenc-papa-nyolc-tanacsa-jegyes-es-hazasparoknak<\/a><\/p>\n<p>&nbsp;<\/p>\n<p><strong>1. \u201eA h\u00e1zass\u00e1gon nap mint nap dolgozni kell. Azt is mondhatn\u00e1nk, olyan, mint egy mesterember munk\u00e1ja, mint az aranym\u0171vess\u00e9g, hisz a f\u00e9rj feladata, hogy m\u00e9g ink\u00e1bb n\u0151v\u00e9 tegye a feles\u00e9g\u00e9t, a feles\u00e9g feladata pedig m\u00e9g ink\u00e1bb f\u00e9rfiv\u00e1 tenni a f\u00e9rj\u00e9t. Az embers\u00e9gben is egy\u00fctt n\u00f6vekednek, f\u00e9rfik\u00e9nt \u00e9s n\u0151k\u00e9nt.\u201d<\/strong><\/p>\n<p>&nbsp;<\/p>\n<p><strong>2. \u201eA szeretet kapcsolat. Olyan val\u00f3s\u00e1g, amely napr\u00f3l napra n\u00f6vekszik. Ha p\u00e9ld\u00e1val szeretn\u00e9nk illusztr\u00e1lni, azt mondhatn\u00e1nk: \u00fagy \u00e9p\u00fcl, mint egy h\u00e1z. Egy\u00fctt \u00e9p\u00edtitek a h\u00e1zat, nem egyed\u00fcl!\u201d<\/strong><\/p>\n<p>&nbsp;<\/p>\n<p><strong>3. \u201eA h\u00e1zass\u00e1got ne az \u00e9rzelmek homokj\u00e1ra \u00e9p\u00edts\u00e9tek, melyek j\u00f6nnek-mennek. \u00c9p\u00edts\u00e9tek a val\u00f3di szeretet szikl\u00e1j\u00e1ra, a szeretetre, amely Istent\u0151l val\u00f3.\u201d<\/strong><\/p>\n<p>&nbsp;<\/p>\n<p><img loading=\"lazy\" decoding=\"async\" class=\"alignnone size-medium\" src=\"http:\/\/www.magyarkurir.hu\/img.php?id=56945&amp;p=1&amp;img=c_vatican_wedding_cna.jpg\" alt=\"\" width=\"499\" height=\"324\" \/><\/p>\n<p>&nbsp;<\/p>\n<p><strong>4. \u201eNem csak az a fontos, hogy sok\u00e1ig tartson a h\u00e1zass\u00e1g. A h\u00e1zass\u00e1g min\u0151s\u00e9ge is sz\u00e1m\u00edt.\u201d<\/strong><\/p>\n<p>&nbsp;<\/p>\n<p><strong>5. \u201eAmikor a Miaty\u00e1nkot im\u00e1dkozzuk, azt k\u00e9rj\u00fck: mindennapi kenyer\u00fcnket add meg nek\u00fcnk ma. A h\u00e1zast\u00e1rsak megtanulhatnak \u00edgy im\u00e1dkozni: Urunk, mindennapi szeretet\u00fcnket add meg nek\u00fcnk ma.\u201d<\/strong><\/p>\n<p>&nbsp;<\/p>\n<p><strong>6. \u201eSzabad? \u00cdgy k\u00e9rhetj\u00fck kedvesen, hogy bel\u00e9phess\u00fcnk a m\u00e1sik ember \u00e9let\u00e9be, tisztelettel \u00e9s figyelemmel. Tudjuk, hogyan kell k\u00f6sz\u00f6netet mondani? Jegyesk\u00e9nt, hamarosan h\u00e1zasp\u00e1rk\u00e9nt fontos \u00e9ltetni magatokban annak tudat\u00e1t: h\u00e1zast\u00e1rsatok Isten aj\u00e1nd\u00e9ka. \u00c9s amikor az ember aj\u00e1nd\u00e9kot kap Istent\u0151l, azt mondja: K\u00f6sz\u00f6n\u00f6m.\u201d<\/strong><\/p>\n<p>&nbsp;<\/p>\n<p><strong>7. \u201eMindannyian j\u00f3l tudjuk, nem l\u00e9tezik t\u00f6k\u00e9letes csal\u00e1d, t\u00f6k\u00e9letes f\u00e9rj, t\u00f6k\u00e9letes feles\u00e9g. A t\u00f6k\u00e9letes any\u00f3sr\u00f3l nem is sz\u00f3lva\u2026 Mi l\u00e9tez\u00fcnk, mi, b\u0171n\u00f6s\u00f6k. J\u00e9zus j\u00f3l ismer minket, \u00e9s el\u00e1rul nek\u00fcnk egy titkot: soha ne fejezz\u00fck be \u00fagy a napot, hogy ne k\u00e9rn\u00e9nk bocs\u00e1natot, ne bocs\u00e1tan\u00e1nk meg egym\u00e1snak.\u201d<\/strong><\/p>\n<p>&nbsp;<\/p>\n<p><strong>8. \u201eTegyetek r\u00f3la, hogy [az esk\u00fcv\u0151] val\u00f3ban \u00fcnnep legyen, mert a h\u00e1zass\u00e1g \u00fcnnep. Kereszt\u00e9ny \u00fcnnep, nem vil\u00e1gi. Arra gondoltatok, te\u00e1t iszogattok majd? Semmi esetre se, bor n\u00e9lk\u00fcl nem \u00fcnnep az \u00fcnnep. (&#8230;) Ami k\u00e9tezer \u00e9vvel ezel\u0151tt K\u00e1n\u00e1ban t\u00f6rt\u00e9nt, val\u00f3j\u00e1ban minden esk\u00fcv\u0151n megt\u00f6rt\u00e9nik: az \u00dar jelenl\u00e9te lesz az, ami teljess\u00e9, m\u00e9lyen igazz\u00e1 teszi a h\u00e1zass\u00e1gotokat. (&#8230;) \u00c9s az \u0150 jelenl\u00e9te az, ami megadja a <em>j\u00f3 bor<\/em>t.\u201d<\/strong><\/p>\n<p>&nbsp;<\/p>\n<p>Magyar Kur\u00edr, 2014. november 14. p\u00e9ntek 19:56<br \/>\n(tzs\u2013vn)<\/p>\n<p>&nbsp;<\/p>\n<p>&nbsp;<\/p>\n","protected":false},"excerpt":{"rendered":"<p>H\u00e1zass\u00e1gk\u00f6t\u00e9s bejelent\u00e9se: 1\/2 \u00e9vvel el\u0151tte K\u00f6vetkez\u0151 \u00e9vre esk\u00fcv\u0151i jelentkez\u00e9s csak advent 1. het\u00e9t\u0151l! JELENTKEZ\u00c9S CSAK HIVATALI ID\u0150BEN \u00c9S CSAK SZEM\u00c9LYESEN!! Figyelj\u00e9k a templomi hirdet\u00e9st az esetleges nyitva tart\u00e1s v\u00e1ltoz\u00e1sa miatt!! [&hellip;]<\/p>\n","protected":false},"author":1,"featured_media":0,"parent":0,"menu_order":0,"comment_status":"closed","ping_status":"closed","template":"","meta":{"_EventAllDay":false,"_EventTimezone":"","_EventStartDate":"","_EventEndDate":"","_EventStartDateUTC":"","_EventEndDateUTC":"","_EventShowMap":false,"_EventShowMapLink":false,"_EventURL":"","_EventCost":"","_EventCostDescription":"","_EventCurrencySymbol":"","_EventCurrencyCode":"","_EventCurrencyPosition":"","_EventDateTimeSeparator":"","_EventTimeRangeSeparator":"","_EventOrganizerID":[],"_EventVenueID":[],"_OrganizerEmail":"","_OrganizerPhone":"","_OrganizerWebsite":"","_VenueAddress":"","_VenueCity":"","_VenueCountry":"","_VenueProvince":"","_VenueState":"","_VenueZip":"","_VenuePhone":"","_VenueURL":"","_VenueStateProvince":"","_VenueLat":"","_VenueLng":"","_VenueShowMap":false,"_VenueShowMapLink":false,"footnotes":""},"class_list":["post-17","page","type-page","status-publish","hentry"],"_links":{"self":[{"href":"https:\/\/teszt.mariaremete.hu\/mr\/wp-json\/wp\/v2\/pages\/17","targetHints":{"allow":["GET"]}}],"collection":[{"href":"https:\/\/teszt.mariaremete.hu\/mr\/wp-json\/wp\/v2\/pages"}],"about":[{"href":"https:\/\/teszt.mariaremete.hu\/mr\/wp-json\/wp\/v2\/types\/page"}],"author":[{"embeddable":true,"href":"https:\/\/teszt.mariaremete.hu\/mr\/wp-json\/wp\/v2\/users\/1"}],"replies":[{"embeddable":true,"href":"https:\/\/teszt.mariaremete.hu\/mr\/wp-json\/wp\/v2\/comments?post=17"}],"version-history":[{"count":10,"href":"https:\/\/teszt.mariaremete.hu\/mr\/wp-json\/wp\/v2\/pages\/17\/revisions"}],"predecessor-version":[{"id":820,"href":"https:\/\/teszt.mariaremete.hu\/mr\/wp-json\/wp\/v2\/pages\/17\/revisions\/820"}],"wp:attachment":[{"href":"https:\/\/teszt.mariaremete.hu\/mr\/wp-json\/wp\/v2\/media?parent=17"}],"curies":[{"name":"wp","href":"https:\/\/api.w.org\/{rel}","templated":true}]}}