{"id":25,"date":"2016-08-21T11:56:20","date_gmt":"2016-08-21T11:56:20","guid":{"rendered":"http:\/\/mariaremete.hu\/mr\/?page_id=25"},"modified":"2016-08-21T11:56:20","modified_gmt":"2016-08-21T11:56:20","slug":"szentsegimadas","status":"publish","type":"page","link":"https:\/\/teszt.mariaremete.hu\/mr\/szentsegimadas\/","title":{"rendered":"Szents\u00e9gim\u00e1d\u00e1s"},"content":{"rendered":"<table class=\"sum\" summary=\"summary\" cellspacing=\"0\">\n<tbody>\n<tr>\n<td class=\"sum\">\n<div>\n<p class=\"sum\">A harmadik \u00e9vezred F\u00e9nye \u00e9s \u00c9lete az Eucharisztia<\/p>\n<\/div>\n<\/td>\n<\/tr>\n<\/tbody>\n<\/table>\n<div class=\"textbody\">\n<p align=\"justify\">Az Olt\u00e1riszents\u00e9g \u00e9ve \u00f3ta\u00a0templomunk t\u00e9li k\u00e1poln\u00e1j\u00e1ban vagy a templomban\u00a0minden h\u00f3nap els\u0151 vas\u00e1rnapj\u00e1n d\u00e9lut\u00e1n 1\/2 5-t\u0151l SZENTS\u00c9GIM\u00c1D\u00c1ST tartunk.\u00a0\u00a0 Az els\u0151 negyed\u00a0\u00f3r\u00e1ban lehet\u0151s\u00e9g van csendes im\u00e1d\u00e1sra, majd ut\u00e1na \u00e9nekes, elm\u00e9lked\u00e9ses SZENT\u00d3R\u00c1T tartunk.<\/p>\n<p align=\"justify\">K\u00e9rj\u00fck h\u00edveinket, min\u00e9 t\u00f6bben vegy\u00fcnk r\u00e9szt a Szents\u00e9gim\u00e1d\u00e1son. H\u00edvjuk, \u00e9s v\u00e1rjuk a fiatalokat \u00e9s a csal\u00e1dokat is! A Szentatya sz\u00e1nd\u00e9kainak megfelel\u0151en\u00a0 min\u00e9l sz\u00e9lesebb k\u00f6rben \u00faj\u00edtsuk meg \u00e9s m\u00e9ly\u00edts\u00fck el tisztelet\u00fcnket a szents\u00e9gi J\u00e9zus ir\u00e1nt!<\/p>\n<p align=\"justify\">Minden vas\u00e1rnap a f\u00e9l 8-as szentmise ut\u00e1n tov\u00e1bra is im\u00e1dkozzuk a r\u00f3zsaf\u0171z\u00e9rt. Erre is szeretettel v\u00e1runk mindenkit!<\/p>\n<\/div>\n","protected":false},"excerpt":{"rendered":"<p>A harmadik \u00e9vezred F\u00e9nye \u00e9s \u00c9lete az Eucharisztia Az Olt\u00e1riszents\u00e9g \u00e9ve \u00f3ta\u00a0templomunk t\u00e9li k\u00e1poln\u00e1j\u00e1ban vagy a templomban\u00a0minden h\u00f3nap els\u0151 vas\u00e1rnapj\u00e1n d\u00e9lut\u00e1n 1\/2 5-t\u0151l SZENTS\u00c9GIM\u00c1D\u00c1ST tartunk.\u00a0\u00a0 Az els\u0151 negyed\u00a0\u00f3r\u00e1ban lehet\u0151s\u00e9g van [&hellip;]<\/p>\n","protected":false},"author":1,"featured_media":0,"parent":0,"menu_order":0,"comment_status":"closed","ping_status":"closed","template":"","meta":{"_EventAllDay":false,"_EventTimezone":"","_EventStartDate":"","_EventEndDate":"","_EventStartDateUTC":"","_EventEndDateUTC":"","_EventShowMap":false,"_EventShowMapLink":false,"_EventURL":"","_EventCost":"","_EventCostDescription":"","_EventCurrencySymbol":"","_EventCurrencyCode":"","_EventCurrencyPosition":"","_EventDateTimeSeparator":"","_EventTimeRangeSeparator":"","_EventOrganizerID":[],"_EventVenueID":[],"_OrganizerEmail":"","_OrganizerPhone":"","_OrganizerWebsite":"","_VenueAddress":"","_VenueCity":"","_VenueCountry":"","_VenueProvince":"","_VenueState":"","_VenueZip":"","_VenuePhone":"","_VenueURL":"","_VenueStateProvince":"","_VenueLat":"","_VenueLng":"","_VenueShowMap":false,"_VenueShowMapLink":false,"footnotes":""},"class_list":["post-25","page","type-page","status-publish","hentry"],"_links":{"self":[{"href":"https:\/\/teszt.mariaremete.hu\/mr\/wp-json\/wp\/v2\/pages\/25","targetHints":{"allow":["GET"]}}],"collection":[{"href":"https:\/\/teszt.mariaremete.hu\/mr\/wp-json\/wp\/v2\/pages"}],"about":[{"href":"https:\/\/teszt.mariaremete.hu\/mr\/wp-json\/wp\/v2\/types\/page"}],"author":[{"embeddable":true,"href":"https:\/\/teszt.mariaremete.hu\/mr\/wp-json\/wp\/v2\/users\/1"}],"replies":[{"embeddable":true,"href":"https:\/\/teszt.mariaremete.hu\/mr\/wp-json\/wp\/v2\/comments?post=25"}],"version-history":[{"count":1,"href":"https:\/\/teszt.mariaremete.hu\/mr\/wp-json\/wp\/v2\/pages\/25\/revisions"}],"predecessor-version":[{"id":26,"href":"https:\/\/teszt.mariaremete.hu\/mr\/wp-json\/wp\/v2\/pages\/25\/revisions\/26"}],"wp:attachment":[{"href":"https:\/\/teszt.mariaremete.hu\/mr\/wp-json\/wp\/v2\/media?parent=25"}],"curies":[{"name":"wp","href":"https:\/\/api.w.org\/{rel}","templated":true}]}}