{"id":826,"date":"2025-11-30T05:18:05","date_gmt":"2025-11-30T04:18:05","guid":{"rendered":"https:\/\/teszt.mariaremete.hu\/mr\/?page_id=826"},"modified":"2026-05-02T18:40:41","modified_gmt":"2026-05-02T16:40:41","slug":"miserend","status":"publish","type":"page","link":"https:\/\/teszt.mariaremete.hu\/mr\/miserend\/","title":{"rendered":"Miserend"},"content":{"rendered":"<p align=\"center\">H\u00e9tf\u0151n \u00e9s kedden:<\/p>\n<p align=\"center\"><strong>7:00 &#8211; 10:30<\/strong><\/p>\n<p align=\"center\">Szerd\u00e1n, cs\u00fct\u00f6rt\u00f6k\u00f6n, p\u00e9nteken:<\/p>\n<p align=\"center\"><strong>10:30<\/strong><\/p>\n<p align=\"center\">Szombaton:<\/p>\n<p align=\"center\"><strong>10:30 &#8211; 18:00<\/strong><\/p>\n<p align=\"center\">Vas\u00e1rnap:<\/p>\n<p align=\"center\"><strong>7:30 &#8211; 9:00 &#8211; <\/strong><strong>11:00 &#8211; 18:00<\/strong><\/p>\n<p>A szentmis\u00e9k rendje a k\u00f6rnyez\u0151 templomokban:<\/p>\n<p><a href=\"https:\/\/remetekertvaros.com\/\"><span style=\"color: #1155cc;\"><u>https:\/\/remetekertvaros.com\/<\/u><\/span><\/a><\/p>\n<p><a href=\"https:\/\/szephalom.plebania.hu\/\"><span style=\"color: #1155cc;\"><u>https:\/\/szephalom.plebania.hu\/<\/u><\/span><\/a><\/p>\n<p><a href=\"https:\/\/pesthidegkutiplebania.hu\/\"><span style=\"color: #1155cc;\"><u>https:\/\/pesthidegkutiplebania.hu\/<\/u><\/span><\/a><\/p>\n<p><a href=\"https:\/\/www.sokat.hu\/\"><span style=\"color: #1155cc;\"><u>https:\/\/www.sokat.hu\/<\/u><\/span><\/a><\/p>\n<p><a href=\"http:\/\/nagykovacsiplebania.hu\/\"><span style=\"color: #1155cc;\"><u>http:\/\/nagykovacsiplebania.hu\/<\/u><\/span><\/a><\/p>\n<p align=\"center\">\n","protected":false},"excerpt":{"rendered":"<p>H\u00e9tf\u0151n \u00e9s kedden: 7:00 &#8211; 10:30 Szerd\u00e1n, cs\u00fct\u00f6rt\u00f6k\u00f6n, p\u00e9nteken: 10:30 Szombaton: 10:30 &#8211; 18:00 Vas\u00e1rnap: 7:30 &#8211; 9:00 &#8211; 11:00 &#8211; 18:00 A szentmis\u00e9k rendje a k\u00f6rnyez\u0151 templomokban: https:\/\/remetekertvaros.com\/ https:\/\/szephalom.plebania.hu\/ [&hellip;]<\/p>\n","protected":false},"author":2,"featured_media":0,"parent":0,"menu_order":0,"comment_status":"closed","ping_status":"closed","template":"","meta":{"_EventAllDay":false,"_EventTimezone":"","_EventStartDate":"","_EventEndDate":"","_EventStartDateUTC":"","_EventEndDateUTC":"","_EventShowMap":false,"_EventShowMapLink":false,"_EventURL":"","_EventCost":"","_EventCostDescription":"","_EventCurrencySymbol":"","_EventCurrencyCode":"","_EventCurrencyPosition":"","_EventDateTimeSeparator":"","_EventTimeRangeSeparator":"","_EventOrganizerID":[],"_EventVenueID":[],"_OrganizerEmail":"","_OrganizerPhone":"","_OrganizerWebsite":"","_VenueAddress":"","_VenueCity":"","_VenueCountry":"","_VenueProvince":"","_VenueState":"","_VenueZip":"","_VenuePhone":"","_VenueURL":"","_VenueStateProvince":"","_VenueLat":"","_VenueLng":"","_VenueShowMap":false,"_VenueShowMapLink":false,"footnotes":""},"class_list":["post-826","page","type-page","status-publish","hentry"],"_links":{"self":[{"href":"https:\/\/teszt.mariaremete.hu\/mr\/wp-json\/wp\/v2\/pages\/826","targetHints":{"allow":["GET"]}}],"collection":[{"href":"https:\/\/teszt.mariaremete.hu\/mr\/wp-json\/wp\/v2\/pages"}],"about":[{"href":"https:\/\/teszt.mariaremete.hu\/mr\/wp-json\/wp\/v2\/types\/page"}],"author":[{"embeddable":true,"href":"https:\/\/teszt.mariaremete.hu\/mr\/wp-json\/wp\/v2\/users\/2"}],"replies":[{"embeddable":true,"href":"https:\/\/teszt.mariaremete.hu\/mr\/wp-json\/wp\/v2\/comments?post=826"}],"version-history":[{"count":5,"href":"https:\/\/teszt.mariaremete.hu\/mr\/wp-json\/wp\/v2\/pages\/826\/revisions"}],"predecessor-version":[{"id":1053,"href":"https:\/\/teszt.mariaremete.hu\/mr\/wp-json\/wp\/v2\/pages\/826\/revisions\/1053"}],"wp:attachment":[{"href":"https:\/\/teszt.mariaremete.hu\/mr\/wp-json\/wp\/v2\/media?parent=826"}],"curies":[{"name":"wp","href":"https:\/\/api.w.org\/{rel}","templated":true}]}}