{"id":895,"date":"2005-12-02T08:14:38","date_gmt":"2005-12-02T07:14:38","guid":{"rendered":"https:\/\/teszt.mariaremete.hu\/mr\/?page_id=895"},"modified":"2026-05-02T18:14:37","modified_gmt":"2026-05-02T16:14:37","slug":"bazilikank-tortenete","status":"publish","type":"page","link":"https:\/\/teszt.mariaremete.hu\/mr\/bazilikank-tortenete\/","title":{"rendered":"Bazilik\u00e1nk t\u00f6rt\u00e9nete"},"content":{"rendered":"<div class=\"textbody\">\n<p><u>M\u00e1riaremete, kegyhely a v\u00e1ros perem\u00e9n:<\/u><\/p>\n<p align=\"justify\">A t\u00f6r\u00f6k h\u00f3dolts\u00e1g alatt a Buda k\u00f6rny\u00e9ki k\u00f6zs\u00e9gek java r\u00e9szt\u00a0 elpusztultak, ez\u00e9rt az \u00e9let ind\u00edt\u00e1s\u00e1ra az idegen betelep\u00edt\u00e9s l\u00e1tszott legmegfelel\u0151bb megold\u00e1snak. H\u00eddegk\u00fat ter\u00fclet\u00e9t \u00f6r\u00f6k\u00f6s\u00f6k nem l\u00e9v\u00e9n a Kincst\u00e1r b\u00e1r\u00f3 Kurz Ign\u00e1c kamarai adminisztr\u00e1tornak adom\u00e1nyozta. A f\u00f6ldes \u00far megb\u00edzottakat k\u00fcld\u00f6tt a fekete erd\u0151 falvaiba, hogy telepeseket toborozzon. H\u00eddegk\u00faton m\u00e1r 1697-ben k\u00e9t n\u00e9met csal\u00e1d letelepedett.<\/p>\n<p align=\"justify\">Az 1715-\u00f6s \u00f6ssze\u00edr\u00e1s m\u00e1r 11 n\u00e9met csal\u00e1dot eml\u00edt. A nagyobb beteleped\u00e9si hull\u00e1m 1720 ut\u00e1n indult meg. A betelep\u00fcl\u0151 n\u00e9p nagyon vall\u00e1sos volt. A vall\u00e1sos buzg\u00f3s\u00e1ghoz hozz\u00e1tartozott a zar\u00e1ndoklat is. A Duna \u00e9s a Rajna forr\u00e1svid\u00e9k\u00e9nek n\u00e9pe val\u00f3sz\u00edn\u0171s\u00e9g szerint a viszonylag k\u00f6zeli (100-150 km-re) fekv\u0151 Sv\u00e1jc h\u00edres einsidelni benc\u00e9s kolostor\u00e1t kereshette fel. Templom\u00e1nak \u00e9kess\u00e9ge az akkor m\u00e1r ezer \u00e9ves \u00e9s ma is megl\u00e9v\u0151 csodatev\u0151 M\u00e1ria szobor.<\/p>\n<p align=\"justify\">Ennek a kegyszobornak k\u00e9pi m\u00e1s\u00e1t hozta el mag\u00e1val Thalwieser Katalin, a ki rendszeresen kivitte e k\u00e9pet a hidegk\u00fati er\u0151be. Egy 1816-ban foganatos\u00edtott egyh\u00e1zhat\u00f3s\u00e1gi elj\u00e1r\u00e1s tan\u00fabizonys\u00e1ga szerint a kegyk\u00e9p 1763-ban ker\u00fclhetett Hidegk\u00fatra, ahol kezdetben mindig egy k\u00f6risf\u00e1ra akasztott\u00e1k fel, melynek maradv\u00e1nyait 1968-ban tal\u00e1lt\u00e1k meg. 1928 \u2013 1950-ig szervita aty\u00e1k gondozt\u00e1k e kegyhelyet, \u00e9s az \u0151 idej\u00fckben a kegytemplomban l\u00e9v\u0151 \u00f6reg fa maradv\u00e1nyait el\u00e9gett\u00e9k, de a fahamut belekevert\u00e9k abba a m\u0171anyagba, melyb\u0151l a mostani fa k\u00e9sz\u00fclt. Ezen f\u00fcgg mind a mai napig a kegyk\u00e9p.<\/p>\n<p align=\"justify\">Tersty\u00e1nszky Ign\u00e1c f\u00f6ldbirtokos el\u0151sz\u00f6r fak\u00e1poln\u00e1t \u00e9p\u00edttetett a k\u00e9p f\u00f6l\u00e9, amely 1805-ig \u00e1llt. Amikor egy budai asszony \u00e1ll\u00edt\u00f3lag visszanyerte szeme vil\u00e1g\u00e1t a kegyk\u00e9pn\u00e9l, nagyobb sz\u00e1m\u00fa zar\u00e1ndok kezdte l\u00e1togatni e szent helyet. 1828-ban k\u0151k\u00e1polna \u00e9p\u00fclt, melyet m\u00e1r Kisboldogasszony tisztelet\u00e9re szenteltek.<\/p>\n<p align=\"justify\">S\u00e9llyei Nagy Ign\u00e1c sz\u00e9kesfeh\u00e9rv\u00e1ri p\u00fcsp\u00f6k \/1777 \u2013 1789 \/ rendelet\u00e9re a kegyk\u00e9pet a hidegk\u00fati pl\u00e9b\u00e1niatemplomba vitt\u00e9k \u00e9s ott a szent Kereszt olt\u00e1ron \u0151rizt\u00e9k. 1829-ben ker\u00fclt vissza az \u00fajonnan \u00e9p\u00fclt k\u0151k\u00e1poln\u00e1ba. 1875-ben alakult meg a M\u00e1ria remete K\u00e1polna Egylet, mely c\u00e9lul t\u0171zte ki, hogy meg\u00e9p\u00edtik a kegytemplomot. 1899. okt\u00f3ber 1-\u00e9n szentelte fel Steiner F\u00fcl\u00f6p sz\u00e9kesfeh\u00e9rv\u00e1ri megy\u00e9sp\u00fcsp\u00f6k.<\/p>\n<p align=\"justify\">M\u00e1riaremet\u00e9n kifejezetten csoda nem t\u00f6rt\u00e9nt, hanem imameghallgat\u00e1sok k\u00f6vetkezm\u00e9nyek\u00e9nt t\u00f6rt\u00e9ntek gy\u00f3gyul\u00e1sok, melyek \u00e9kes latin nyelven vannak feljegyezve \u00e9s \u0151rzik a sz\u00e9kesfeh\u00e9rv\u00e1ri p\u00fcsp\u00f6ki lev\u00e9lt\u00e1rban.<\/p>\n<p align=\"justify\">A kegytemplom harangjait elvitt\u00e9k be\u00f6nteni az els\u0151 vil\u00e1gh\u00e1boruba, \u00edgy \u00fajakat kellett \u00f6ntetni, melyeket Proh\u00e1szka Ottok\u00e1r \u00e1ldott meg 1924. augusztus 31-\u00e9n.<\/p>\n<p align=\"justify\">A kegytemplom orgon\u00e1j\u00e1t a budai kir\u00e1ly v\u00e1rk\u00e1poln\u00e1b\u00f3l kapta Ferencz J\u00f3zsef cs\u00e1sz\u00e1r \u00e9s Erzs\u00e9bet kir\u00e1lyn\u00e9 adom\u00e1nyak\u00e9nt. Ezt az orgon\u00e1t Gergely Ferenc tervei szerint Gonda N\u00e1ndor \u00e9p\u00edtette \u00e1t.<\/p>\n<p align=\"justify\">1959-ben \u00e9p\u00fclt a M\u00e1ria \u00e9v alkalm\u00e1b\u00f3l a szabadt\u00e9ri olt\u00e1r , mely f\u00f6l\u00f6tt a szobor f\u00fclk\u00e9ben l\u00e9v\u0151 M\u00e1ria- szobrot P\u00e9ter Th\u00e9as \u00a0p\u00fcsp\u00f6k adom\u00e1nyozott. A szobor felett pedig van egy vastag l\u00e1nc, melyet a Magyar katolikus P\u00fcsp\u00f6ki Kar kapott \u00e9s hozott 1991-ben a lourdesi eucharisztikus kongresszus alkalm\u00e1val , mely jelk\u00e9pezte a szabads\u00e1g\u00e1t\u00f3l megfosztott magyar n\u00e9pet. Ugyanekkor kapott a kegyhely \u00a0egy kelyhet, amely ugyancsak itt nyert elhelyez\u00e9st \u00e9s mind a mai napig f\u00e9ltve \u0151rizz\u00fck.<\/p>\n<p align=\"justify\">1991-ben II. J\u00e1nos P\u00e1l p\u00e1pa a \u201ebasilica minor \u201e c\u00edmet \u00a0adom\u00e1nyozta\u00a0 kegytemplomnak. 1993-t\u00f3l az Esztergom \u2013 Budapesti F\u0151egyh\u00e1zmegye ter\u00fclet\u00e9re ker\u00fclt \u00e1t a kegyhely.<\/p>\n<p align=\"justify\">A kegyhely f\u0151 c\u00e9lja az \u0151si \u201eM\u00e1ria- tisztelet\u201d \u00e1pol\u00e1sa \u00e9s meg\u0151rz\u00e9se. Ezt er\u0151s\u00edtj\u00fck meg a b\u00facs\u00fak alapos el\u0151k\u00e9sz\u00edt\u00e9s\u00e9vel \u00e9s megszervez\u00e9s\u00e9vel.<\/p>\n<p align=\"justify\">M\u00e1riaremete egyben pl\u00e9b\u00e1nia is. \u00cdgy annak ellen\u00e9re, hogy nem a nagy pl\u00e9b\u00e1ni\u00e1k k\u00f6z\u00e9 tartozik, m\u00e9gis sz\u00e9p sz\u00e1mmal vannak hittanosok minden koroszt\u00e1lyb\u00f3l. Ezt a munk\u00e1t kiv\u00e1l\u00f3 hitoktat\u00f3k v\u00e9gzik.<\/p>\n<p align=\"justify\">Ki kell emelni, hogy az \u201eEucharisztia \u00e9v\u00e9ben\u201d bevezett\u00fck az els\u0151 vas\u00e1rnap d\u00e9lut\u00e1n 2 \u00f3r\u00e1s szents\u00e9gim\u00e1d\u00e1st, mely oly gy\u00fcm\u00f6lcs\u00f6z\u0151 lett, hogy tov\u00e1bbra is csin\u00e1ljuk \u00e9s mindig van 30-40 h\u00edv\u0151 rajta. Az im\u00e1d\u00e1si \u00f3r\u00e1kat a \u201eCsal\u00e1d csoport\u201d tagjai szerkesztik \u00e9s idej\u00e9ben \u00e1tk\u00fcldik \u00e1tn\u00e9z\u00e9sre. Az im\u00e1d\u00e1st egy\u00fctt v\u00e9gezz\u00fck.<\/p>\n<p align=\"justify\">A hely l\u00e9gk\u00f6re, sz\u00e9ps\u00e9ge idevonzza a jegyeseket is, igen sok esk\u00fcv\u0151 van a kegytemplomban. Azokat a jegyeseket, akiket mi esket\u00fcnk , mi is k\u00e9sz\u00edtj\u00fck fel \u0151ket, \u00edgy kialakul egy megfelel\u0151 kapcsolat is a Pl\u00e9b\u00e1nia \u00e9s k\u00f6zt\u00fck. Ez a \u00a0j\u00f3 kapcsolat azt\u00e1n ism\u00e9t visszahozza \u0151ket, amikor gyermekeiket hozz\u00e1k kereszteltetni.<\/p>\n<p align=\"justify\">A kegyhely vonzza\u00a0 a gy\u00f3n\u00f3kat is, hiszen k\u00f6rny\u00e9k\u00fcnk\u00f6n a pl\u00e9b\u00e1ni\u00e1kon nagy r\u00e9szt csak egy pap van, vagy egy sem, \u00edgy azt\u00e1n aut\u00f3val \u00e1tj\u00f6nnek Remet\u00e9re mis\u00e9re \u00e9s gy\u00f3nni is. A b\u00facs\u00fak alkalm\u00e1val igen nagy gond a gy\u00f3ntat\u00e1s, mert kevesen vagyunk. A szomsz\u00e9d aty\u00e1kat szoktam megk\u00e9rni, j\u00f6jjenek seg\u00edteni.<\/p>\n<p align=\"justify\">Meg kell eml\u00edteni az intenz\u00edv karit\u00e1sz munk\u00e1t, melyet n\u00e1lunk v\u00e9geznek. Annak ellen\u00e9re, hogy ahogyan cs\u00fany\u00e1n mondj\u00e1k n\u00e1lunk az \u201e\u00faj gazdagok\u201d laknak nagy r\u00e9szt, m\u00e9gis b\u0151ven akadnak r\u00e1szorul\u00f3k. Ezt m\u00e9g tet\u00e9zi , hogy pl\u00e9b\u00e1ni\u00e1n ter\u00fclet\u00e9n t\u00f6bb szoci\u00e1lis otthon is van ( 3 egyh\u00e1zi \u00e9s 1 vil\u00e1gi ).<\/p>\n<p align=\"justify\"><u>M\u00e1riaremet\u00e9n:<\/u><\/p>\n<p align=\"justify\">b\u00facs\u00fak kezd\u0151dnek h\u00fasv\u00e9t keddj\u00e9vel, melyet itt \u00fagy h\u00edvnak, hogy \u201ekofab\u00facs\u00fa\u201d. Onnan az elnevez\u00e9s, hogy ekkor vitt\u00e9k a kof\u00e1k a prim\u0151r \u00e1ruikat annak idej\u00e9n el\u0151sz\u00f6r a piacra \u00e9s el\u0151tte meg\u00e1ldatt\u00e1k. Ez az\u00f3ta is meg van egy \u00fcnnepi mis\u00e9vel.<\/p>\n<p align=\"justify\">p\u00fcnk\u00f6sd-h\u00e9tf\u0151: karizm\u00e1k \u00fcnnepe \u2013 a F\u0151egyh\u00e1zmegye csal\u00e1di tal\u00e1lkoz\u00f3ja. D.u. a F\u0151p\u00e1sztor szokott mis\u00e9zni az egybegy\u0171lteknek a szabadt\u00e9ri olt\u00e1rn\u00e1l.<\/p>\n<p align=\"justify\">Szenth\u00e1roms\u00e1g vas\u00e1rnapja: M\u00e9g Proh\u00e1szka Ottok\u00e1r vezette be, hogy ezen a napon a sz\u00e9kesfeh\u00e9rv\u00e1ri egyh\u00e1zmegy\u00e9ben elzar\u00e1ndokolnak M\u00e1riaremet\u00e9re. Ez a szok\u00e1s azut\u00e1n is megmaradt, hogy az egyh\u00e1zmegyei hat\u00e1rokat rendezt\u00e9k.<\/p>\n<p align=\"justify\">\u00darnapja: vir\u00e1gsz\u0151nyeges k\u00f6rmenet<br \/>\nAugusztus 15: Nagyboldogasszony<br \/>\nSzeptember 8: Kisboldogasszony \/ezt\u00a0 a napj\u00e1n \u00e9s azt k\u00f6vet\u0151 vas\u00e1rnap is megszoktuk \u00fcnnepelni \/.<br \/>\nMindenszentek.<\/p>\n<p align=\"justify\">A t\u00f6bbi aktualit\u00e1st r\u00e1 szoktuk tenni a pl\u00e9b\u00e1nia weblapj\u00e1ra: <a href=\"https:\/\/web.archive.org\/web\/20111018045110\/http:\/\/www.mariaremete.hu\/index.php?item=74\">www.mariaremete.hu<\/a><\/p>\n<p align=\"justify\">A zar\u00e1ndokok sz\u00e1m\u00e1t meghat\u00e1rozni nem tudjuk, hiszen ez id\u0151j\u00e1r\u00e1st\u0151l f\u00fcgg\u0151 is. A fent eml\u00edtett id\u0151pontokon k\u00edv\u00fcl persze rendszeresen j\u00f6nnek csoportok m\u00e1s napokon is, ha lehet papjukkal, ha nem , akkor valaki vil\u00e1gi h\u00edv\u0151 megszervezi \u00e9s \u00e9rtes\u00edt benn\u00fcnket, mi\u00a0pedig fogadjuk \u0151ket.<\/p>\n<p align=\"justify\">Az utols\u00f3 pontra, hogy fejleszt\u00e9si terv, ehhez azt hiszem ilyen gazdas\u00e1gi k\u00f6r\u00fclm\u00e9nyek k\u00f6zepette nem lehet egyenl\u0151re tervezni. Nek\u00fcnk am\u00fagyis van tartoz\u00e1sunk, mert a \u201eSz\u00e9chenyi terv\u201d, a h\u00edvek adom\u00e1nya \u00e9s a F\u0151egyh\u00e1zmegy\u00e9t\u0151l kapott k\u00f6lcs\u00f6n seg\u00edts\u00e9g\u00e9vel \u00e9p\u00edtett\u00fck meg a szabadt\u00e9ri olt\u00e1r f\u00f6l\u00e9 a fa tet\u0151zetet.<\/p>\n<p align=\"justify\">Egy\u00e9bk\u00e9nt\u00a0az elm\u00falt \u00e9vekben r\u00e9szint az \u00d6nkorm\u00e1nyzat, r\u00e9szint a h\u00edvek seg\u00edts\u00e9g\u00e9vel sok minden fel lett \u00faj\u00edtva mind a Pl\u00e9b\u00e1ni\u00e1n, mind a templomban \u00e9s k\u00f6rny\u00e9k\u00e9n, ami a zar\u00e1ndokokat szolg\u00e1lja.<\/p>\n<\/div>\n<p align=\"justify\"><a href=\"https:\/\/teszt.mariaremete.hu\/mr\/parish-at-the-church-of-the-nativity-of-the-virgin-mary-in-mariaremete\/\">English<\/a><\/p>\n<p align=\"justify\"><a href=\"https:\/\/teszt.mariaremete.hu\/mr\/pfarrei-der-kirche-maria-geburt-in-mariaremete\/\">Deutsch<\/a><\/p>\n<p align=\"justify\"><a href=\"https:\/\/teszt.mariaremete.hu\/mr\/paroisse-de-leglise-de-la-nativite-de-la-vierge-marie-a-mariaremete\/\">Fran\u00e7ais<\/a><\/p>\n","protected":false},"excerpt":{"rendered":"<p>M\u00e1riaremete, kegyhely a v\u00e1ros perem\u00e9n: A t\u00f6r\u00f6k h\u00f3dolts\u00e1g alatt a Buda k\u00f6rny\u00e9ki k\u00f6zs\u00e9gek java r\u00e9szt\u00a0 elpusztultak, ez\u00e9rt az \u00e9let ind\u00edt\u00e1s\u00e1ra az idegen betelep\u00edt\u00e9s l\u00e1tszott legmegfelel\u0151bb megold\u00e1snak. H\u00eddegk\u00fat ter\u00fclet\u00e9t \u00f6r\u00f6k\u00f6s\u00f6k nem [&hellip;]<\/p>\n","protected":false},"author":2,"featured_media":0,"parent":0,"menu_order":0,"comment_status":"closed","ping_status":"closed","template":"","meta":{"_EventAllDay":false,"_EventTimezone":"","_EventStartDate":"","_EventEndDate":"","_EventStartDateUTC":"","_EventEndDateUTC":"","_EventShowMap":false,"_EventShowMapLink":false,"_EventURL":"","_EventCost":"","_EventCostDescription":"","_EventCurrencySymbol":"","_EventCurrencyCode":"","_EventCurrencyPosition":"","_EventDateTimeSeparator":"","_EventTimeRangeSeparator":"","_EventOrganizerID":[],"_EventVenueID":[],"_OrganizerEmail":"","_OrganizerPhone":"","_OrganizerWebsite":"","_VenueAddress":"","_VenueCity":"","_VenueCountry":"","_VenueProvince":"","_VenueState":"","_VenueZip":"","_VenuePhone":"","_VenueURL":"","_VenueStateProvince":"","_VenueLat":"","_VenueLng":"","_VenueShowMap":false,"_VenueShowMapLink":false,"footnotes":""},"class_list":["post-895","page","type-page","status-publish","hentry"],"_links":{"self":[{"href":"https:\/\/teszt.mariaremete.hu\/mr\/wp-json\/wp\/v2\/pages\/895","targetHints":{"allow":["GET"]}}],"collection":[{"href":"https:\/\/teszt.mariaremete.hu\/mr\/wp-json\/wp\/v2\/pages"}],"about":[{"href":"https:\/\/teszt.mariaremete.hu\/mr\/wp-json\/wp\/v2\/types\/page"}],"author":[{"embeddable":true,"href":"https:\/\/teszt.mariaremete.hu\/mr\/wp-json\/wp\/v2\/users\/2"}],"replies":[{"embeddable":true,"href":"https:\/\/teszt.mariaremete.hu\/mr\/wp-json\/wp\/v2\/comments?post=895"}],"version-history":[{"count":4,"href":"https:\/\/teszt.mariaremete.hu\/mr\/wp-json\/wp\/v2\/pages\/895\/revisions"}],"predecessor-version":[{"id":1034,"href":"https:\/\/teszt.mariaremete.hu\/mr\/wp-json\/wp\/v2\/pages\/895\/revisions\/1034"}],"wp:attachment":[{"href":"https:\/\/teszt.mariaremete.hu\/mr\/wp-json\/wp\/v2\/media?parent=895"}],"curies":[{"name":"wp","href":"https:\/\/api.w.org\/{rel}","templated":true}]}}