{"id":926,"date":"2026-04-10T03:25:04","date_gmt":"2026-04-10T01:25:04","guid":{"rendered":"https:\/\/teszt.mariaremete.hu\/mr\/nyitvatartas\/"},"modified":"2026-05-02T17:44:15","modified_gmt":"2026-05-02T15:44:15","slug":"nyitvatartas","status":"publish","type":"page","link":"https:\/\/teszt.mariaremete.hu\/mr\/nyitvatartas\/","title":{"rendered":"Nyitvatart\u00e1s"},"content":{"rendered":"<p><span style=\"color: #222222;\"><b>Templomunk nyitvatart\u00e1sa:<\/b><\/span><\/p>\n<p><span style=\"color: #222222;\">H\u00c9TF\u0150 &#8211; P\u00c9NTEK: 7:00 &#8211; 12:00<\/span><\/p>\n<p><span style=\"color: #222222;\">SZOMBATON: 8:30-12:00 \u00e9s 17:30-19:00<\/span><\/p>\n<p><span style=\"color: #222222;\">VAS\u00c1RNAP: 7:00-12:00 \u00e9s 17:30-19:00<\/span><\/p>\n<p>&nbsp;<\/p>\n","protected":false},"excerpt":{"rendered":"<p>Templomunk nyitvatart\u00e1sa: H\u00c9TF\u0150 &#8211; P\u00c9NTEK: 7:00 &#8211; 12:00 SZOMBATON: 8:30-12:00 \u00e9s 17:30-19:00 VAS\u00c1RNAP: 7:00-12:00 \u00e9s 17:30-19:00 &nbsp;<\/p>\n","protected":false},"author":2,"featured_media":0,"parent":0,"menu_order":0,"comment_status":"closed","ping_status":"closed","template":"","meta":{"_EventAllDay":false,"_EventTimezone":"","_EventStartDate":"","_EventEndDate":"","_EventStartDateUTC":"","_EventEndDateUTC":"","_EventShowMap":false,"_EventShowMapLink":false,"_EventURL":"","_EventCost":"","_EventCostDescription":"","_EventCurrencySymbol":"","_EventCurrencyCode":"","_EventCurrencyPosition":"","_EventDateTimeSeparator":"","_EventTimeRangeSeparator":"","_EventOrganizerID":[],"_EventVenueID":[],"_OrganizerEmail":"","_OrganizerPhone":"","_OrganizerWebsite":"","_VenueAddress":"","_VenueCity":"","_VenueCountry":"","_VenueProvince":"","_VenueState":"","_VenueZip":"","_VenuePhone":"","_VenueURL":"","_VenueStateProvince":"","_VenueLat":"","_VenueLng":"","_VenueShowMap":false,"_VenueShowMapLink":false,"footnotes":""},"class_list":["post-926","page","type-page","status-publish","hentry"],"_links":{"self":[{"href":"https:\/\/teszt.mariaremete.hu\/mr\/wp-json\/wp\/v2\/pages\/926","targetHints":{"allow":["GET"]}}],"collection":[{"href":"https:\/\/teszt.mariaremete.hu\/mr\/wp-json\/wp\/v2\/pages"}],"about":[{"href":"https:\/\/teszt.mariaremete.hu\/mr\/wp-json\/wp\/v2\/types\/page"}],"author":[{"embeddable":true,"href":"https:\/\/teszt.mariaremete.hu\/mr\/wp-json\/wp\/v2\/users\/2"}],"replies":[{"embeddable":true,"href":"https:\/\/teszt.mariaremete.hu\/mr\/wp-json\/wp\/v2\/comments?post=926"}],"version-history":[{"count":1,"href":"https:\/\/teszt.mariaremete.hu\/mr\/wp-json\/wp\/v2\/pages\/926\/revisions"}],"predecessor-version":[{"id":1006,"href":"https:\/\/teszt.mariaremete.hu\/mr\/wp-json\/wp\/v2\/pages\/926\/revisions\/1006"}],"wp:attachment":[{"href":"https:\/\/teszt.mariaremete.hu\/mr\/wp-json\/wp\/v2\/media?parent=926"}],"curies":[{"name":"wp","href":"https:\/\/api.w.org\/{rel}","templated":true}]}}