{"id":928,"date":"2026-04-10T03:25:51","date_gmt":"2026-04-10T01:25:51","guid":{"rendered":"https:\/\/teszt.mariaremete.hu\/mr\/zarandokoknak\/"},"modified":"2026-05-02T17:54:43","modified_gmt":"2026-05-02T15:54:43","slug":"zarandokoknak","status":"publish","type":"page","link":"https:\/\/teszt.mariaremete.hu\/mr\/zarandokoknak\/","title":{"rendered":"Zar\u00e1ndokoknak"},"content":{"rendered":"<p><span style=\"font-size: medium;\"><b>M\u00e1riaremete, a tal\u00e1lkoz\u00e1sok helye<\/b><\/span><\/p>\n<p><b>Az \u00edr\u00e1s megjelent a B\u00edzd R\u00e1 Magad szolg\u00e1lat oldal\u00e1n:<br \/>\n<\/b><a href=\"https:\/\/bizdramagad.hu\/cikkek\/mariaremete-a-talalkozasok-helye\/\"><span style=\"color: #1155cc;\"><u><b>https:\/\/bizdramagad.hu\/cikkek\/mariaremete-a-talalkozasok-helye\/<\/b><\/u><\/span><\/a><\/p>\n<p>M\u00e1riaremete Budapest egyetlen M\u00e1ria-kegyhelye, amely nagy t\u00e1vols\u00e1gb\u00f3l is vonzza a zar\u00e1ndokokat. Kegytemploma k\u00f6r\u00fcl gazdag lelkis\u00e9g bontakozott ki az \u00e9vsz\u00e1zadok folyam\u00e1n, \u00e9s ma is a lelki meg\u00fajul\u00e1s sz\u00ednhelye. Megsz\u00f3l\u00edtja a keres\u0151ket, a testi-lelki vigaszra, gy\u00f3gyul\u00e1sra szorul\u00f3, a Sz\u0171zanya k\u00f6zbenj\u00e1r\u00e1s\u00e1t k\u00e9r\u0151 zar\u00e1ndokokat, a fiatalokat, a gyermekre, vagy a szents\u00e9gekben J\u00e9zussal tal\u00e1lkozni v\u00e1gy\u00f3kat, a hit\u00fcket a Szentl\u00e9lek egyes\u00edt\u0151 erej\u00e9ben meg\u00e9l\u0151ket \u00e9s k\u00f6z\u00f6ss\u00e9geiket \u2013 \u00e9s rem\u00e9lhet\u0151leg a Kedves Olvas\u00f3t is.<\/p>\n<p><b>Zar\u00e1ndokutak keresztez\u0151d\u00e9s\u00e9ben<\/b><\/p>\n<p>B\u00e1rmely ir\u00e1nyb\u00f3l \u00e9rkez\u00fcnk, a csendes kertv\u00e1rosi k\u00f6rnyezetben hamar felt\u0171nik a 125 \u00e9ves templom karcs\u00fa tornya. A templom a M\u00e1ria-\u00fat f\u0151 \u00fatvonalainak csom\u00f3pontj\u00e1ban fekszik. Aki szeretn\u00e9 kipr\u00f3b\u00e1lni, hogyan nyitja meg az im\u00e1ban a l\u00e9lek kapuj\u00e1t a zar\u00e1ndoklat, aj\u00e1nljuk, hogy vegyen r\u00e9szt szombatonk\u00e9nt a Normaf\u00e1r\u00f3l M\u00e1riaremet\u00e9re tart\u00f3 beavat\u00f3 zar\u00e1ndoklatok egyik\u00e9n.Minden \u00e9vben (id\u00e9n m\u00e1jus 9-\u00e9n) megrendez\u00e9sre ker\u00fcl a f\u0151v\u00e1rost im\u00e1val k\u00f6r\u00fcl\u00f6lel\u0151, hagyom\u00e1nyos \u00c9l\u0151 R\u00f3zsaf\u00fcz\u00e9r Zar\u00e1ndoklat, amely M\u00e1riaremet\u00e9n h\u00e1laad\u00f3 szentmis\u00e9vel \u00e9s szeretetvend\u00e9gs\u00e9ggel z\u00e1rul. Okt\u00f3berben p\u00e1los szellemis\u00e9g\u0171 zar\u00e1ndoklatok vezetnek oda, illetve a Magyar Zar\u00e1ndok\u00fat is arrafel\u00e9 halad.<\/p>\n<p><b>&#8222;J\u00f6jjetek, \u0150 v\u00e1r!&#8221;<\/b><\/p>\n<p>Ezzel a mott\u00f3val fogadja a M\u00e1riaremetei \u00fat fel\u0151li sz\u00e9kely kapun az \u00e9rkez\u0151ket a kegyhely. A parkon \u00e1t s\u00e9t\u00e1ny vezet a templom el\u00e9, ahol Mindszenty b\u00edboros szobra \u00e1ll. Az \u00fat jobb oldal\u00e1n a f\u00e1k k\u00f6z\u00f6tt k\u00fcl\u00f6nleges imahelyet tal\u00e1lunk: a meg nem sz\u00fcletett magzatok\u00e9rt im\u00e1dkoz\u00f3k keresztj\u00e9t. A kegyhely lelkip\u00e1sztorai gyakran tal\u00e1lkoznak gyermek\u00e1ld\u00e1s\u00e9rt im\u00e1dkoz\u00f3 vagy az\u00e9rt h\u00e1l\u00e1t ad\u00f3 \u00e9desany\u00e1kkal, h\u00e1zasp\u00e1rokkal. A templomkert hatalmas szabadt\u00e9ri olt\u00e1r\u00e1n\u00e1l egy Lourdes-b\u00f3l sz\u00e1rmaz\u00f3 szikl\u00e1n a Sz\u0171zanya szobra fogadja az arra j\u00e1r\u00f3kat. Az \u00e1rnyas padokon \u00e9rdemes megpihenni egy foh\u00e1szra. A templomkert az \u00fcnnepek idej\u00e9n telik meg \u00e9lettel: a pl\u00e9b\u00e1nia m\u00e1jusi csal\u00e1dnapj\u00e1n, a Szenth\u00e1roms\u00e1g vas\u00e1rnapj\u00e1n, \u00farnapj\u00e1n, Nagyboldogasszony \u00e9s Kisboldogasszony b\u00facs\u00fai \u00fcnnep\u00e9n, valamint a k\u00fcl\u00f6nb\u00f6z\u0151 lelkis\u00e9gi mozgalmak fesztiv\u00e1ljain. T\u00f6bb ezer h\u00edv\u0151t vonz az augusztus v\u00e9gi Szeretetl\u00e1ng-fesztiv\u00e1l. Ez a mozgalom a M\u00e1riaremet\u00e9hez k\u00f6t\u0151d\u0151 \u00e9desanya, Kindelmann K\u00e1rolyn\u00e9 Erzs\u00e9bet lelki napl\u00f3ja nyom\u00e1n arra h\u00edv, hogy fogadd be J\u00e9zust, a Szentl\u00e9lek aj\u00e1nd\u00e9k\u00e1t, \u00e9s engedd n\u00f6vekedni magadban Isten dics\u0151s\u00e9g\u00e9re, a csal\u00e1dok meger\u0151s\u00edt\u00e9s\u00e9re \u00e9s a lelkek jav\u00e1ra.<\/p>\n<p><b>\u00c9l\u0151 k\u00f6vek<\/b><\/p>\n<p>A templom l\u00e1bazat\u00e1t a zar\u00e1ndokok k\u00f6zel h\u00e1romezer h\u00e1laad\u00f3 m\u00e1rv\u00e1nyt\u00e1bl\u00e1ja \u00f6leli k\u00f6r\u00fcl. Bel\u00fcl az adom\u00e1nyoz\u00f3k neveit tal\u00e1ljuk a falakon. Ha nyitott sz\u00edvvel l\u00e9p\u00fcnk a templomba, egy lelki h\u00e1zba is \u00e9rkez\u00fcnk, ahol magunk v\u00e1lhatunk \u00e9l\u0151 k\u00f6vekk\u00e9. A jobb oldali J\u00e9zus Sz\u00edve-mell\u00e9kolt\u00e1rn\u00e1l az Olt\u00e1riszents\u00e9g el\u0151tt t\u00e9rdelhet\u00fcnk, a szent\u00e9lyben pedig a remetei Sz\u0171zanya kegyk\u00e9pe el\u0151tt k\u00e9rhetj\u00fck k\u00f6zbenj\u00e1r\u00e1s\u00e1t. A helyi k\u00f6z\u00f6ss\u00e9g \u00e9s az idel\u00e1togat\u00f3 zar\u00e1ndokok k\u00f6z\u00f6s v\u00e1gya, hogy tov\u00e1bbra is im\u00e1ds\u00e1ggal telj\u00e9k meg a templom. Ezt seg\u00edtik a napi szentmis\u00e9k, a r\u00f3zsaf\u00fcz\u00e9r-im\u00e1ds\u00e1g, a csendes \u00e9s a dics\u0151\u00edt\u0151 szents\u00e9gim\u00e1d\u00e1s \u2013 els\u0151 vas\u00e1rnaponk\u00e9nt 16:30-t\u00f3l \u2013, a k\u00f6zbenj\u00e1r\u00f3 imaalkalom. A templom l\u00e1togathat\u00f3s\u00e1g\u00e1nak b\u0151v\u00edt\u00e9se \u00e9s tov\u00e1bbi szents\u00e9gim\u00e1d\u00e1si lehet\u0151s\u00e9gek l\u00e9trehoz\u00e1sa a k\u00f6zelj\u00f6v\u0151 kiemelt feladata.<\/p>\n<p>Az ut\u00f3bbi \u00e9vekben megfiatalodott pl\u00e9b\u00e1niak\u00f6z\u00f6ss\u00e9g vonzza a k\u00f6rny\u00e9ken \u00e9l\u0151 kisgyermekes csal\u00e1dokat. A 9 \u00f3rakor kezd\u0151d\u0151 vas\u00e1rnapi szentmis\u00e9ken id\u0151nk\u00e9nt sz\u00e1zn\u00e1l is t\u00f6bb gyermek vesz r\u00e9szt a nekik sz\u00f3l\u00f3 foglalkoz\u00e1sokon. Ifj\u00fas\u00e1gi \u00e9s feln\u0151tt git\u00e1ros zenekarok, k\u00f3rus \u00e9s ministr\u00e1nsk\u00f6z\u00f6ss\u00e9g is m\u0171k\u00f6dik. A kegyhely felfedez\u00e9s\u00e9hez a gyermekek sz\u00e1m\u00e1ra aj\u00e1nljuk az als\u00f3s \u00e9s a fels\u0151s koroszt\u00e1ly sz\u00e1m\u00e1ra k\u00e9sz\u00fclt feladatlapokat, melyek a templomb\u00f3l elvihet\u0151k.<\/p>\n<p><b>Megsz\u00f3l\u00edtva<\/b><\/p>\n<p>Egy alkalommal egy mag\u00e1nyos f\u00e9rfi t\u00e9tov\u00e1n \u00e1llt meg h\u00e1tul, a bej\u00e1rathoz k\u00f6zel. Lehajtott fejjel m\u00e9csest gy\u00fajtott. Megsz\u00f3l\u00edtva \u0151t kider\u00fclt, hogy t\u00e1voli orsz\u00e1gb\u00f3l \u00e9rkezett, soha nem j\u00e1rt m\u00e9g itt. Elmes\u00e9lte, hogy gyermek\u00e1ld\u00e1s\u00e1t szeretn\u00e9 valahogyan megk\u00f6sz\u00f6nni. Egy k\u00e9s\u0151bbi alkalommal \u00f6r\u00f6mmel \u00fajs\u00e1golta, hogy megkeresztelkedett, \u00e9s ahogy teheti, visszat\u00e9r Remet\u00e9re.<\/p>\n<p><b>&#8222;Vedd le sarudat, mert ez a hely szent!&#8221;<\/b><\/p>\n<p>Vannak helyek, ahol k\u00f6nnyebben t\u00fall\u00e9p\u00fcnk \u00f6nmagunkon, ahol valahogy fellebben a f\u00e1tyol a term\u00e9szetfeletti val\u00f3s\u00e1g titkair\u00f3l \u00e9s meg\u00e9rezz\u00fck az \u00f6r\u00f6kk\u00e9val\u00f3s\u00e1g jelenl\u00e9t\u00e9t. A sz\u00edvb\u0151l j\u00f6v\u0151 ima, a val\u00f3di kapcsolat Istenhez nem csak az embert form\u00e1lja \u00e1t, hanem megszenteli azt a teret is, ahol elhangzott. M\u00e1riaremete is ilyen hely. Amikor el\u0151sz\u00f6r j\u00e1rtam itt, r\u00f6gt\u00f6n felt\u0171nt a sok k\u00f6sz\u00f6n\u0151, h\u00e1laad\u00f3 t\u00e1bla a templom oldal\u00e1n, k\u00edv\u00fcl \u00e9s bel\u00fcl. Sokszor t\u0171n\u0151dtem, hogy mi lehet egy-egy t\u00e1bla t\u00f6rt\u00e9nete. Milyen v\u00e1gyak, szenved\u00e9sek, \u00f6r\u00f6m\u00f6k form\u00e1lt\u00e1k az ide j\u00f6v\u0151 emberek sors\u00e1t? Vajon mi viszi r\u00e1 az embereket ma is, hogy \u00fajra \u00e9s \u00fajra megtegy\u00e9k ezt az utat? A v\u00e1laszt v\u00e9g\u00fcl a templom melletti kis j\u00e1tsz\u00f3t\u00e9ren tal\u00e1ltam meg. Ahogy l\u00e1ttam a tipeg\u0151 gyermekeket, akik kit\u00e1rt karral \u00e9s v\u00e9gtelen bizalommal szaladnak \u00e9desanyjukhoz \u2013 tudva, hogy az \u00f6lel\u0151 karokban mindig vigaszt \u00e9s b\u00e9k\u00e9t kapnak \u2013, meg\u00e9rtettem ezt a m\u00e9lyr\u0151l j\u00f6v\u0151, \u0151szinte v\u00e1gy\u00f3d\u00e1st. Ugyanezzel a gyermeki hittel fordulhatunk M\u00e1ri\u00e1hoz, aki egy \u00e9desanya legm\u00e9lyebb szeretet\u00e9vel m\u00e1r akkor l\u00e1tja \u00fcres kors\u00f3nkat, amikor mi m\u00e9g szavakba sem tudjuk \u00f6nteni a hi\u00e1nyt.<\/p>\n","protected":false},"excerpt":{"rendered":"<p>M\u00e1riaremete, a tal\u00e1lkoz\u00e1sok helye Az \u00edr\u00e1s megjelent a B\u00edzd R\u00e1 Magad szolg\u00e1lat oldal\u00e1n: https:\/\/bizdramagad.hu\/cikkek\/mariaremete-a-talalkozasok-helye\/ M\u00e1riaremete Budapest egyetlen M\u00e1ria-kegyhelye, amely nagy t\u00e1vols\u00e1gb\u00f3l is vonzza a zar\u00e1ndokokat. Kegytemploma k\u00f6r\u00fcl gazdag lelkis\u00e9g bontakozott [&hellip;]<\/p>\n","protected":false},"author":2,"featured_media":0,"parent":0,"menu_order":0,"comment_status":"closed","ping_status":"closed","template":"","meta":{"_EventAllDay":false,"_EventTimezone":"","_EventStartDate":"","_EventEndDate":"","_EventStartDateUTC":"","_EventEndDateUTC":"","_EventShowMap":false,"_EventShowMapLink":false,"_EventURL":"","_EventCost":"","_EventCostDescription":"","_EventCurrencySymbol":"","_EventCurrencyCode":"","_EventCurrencyPosition":"","_EventDateTimeSeparator":"","_EventTimeRangeSeparator":"","_EventOrganizerID":[],"_EventVenueID":[],"_OrganizerEmail":"","_OrganizerPhone":"","_OrganizerWebsite":"","_VenueAddress":"","_VenueCity":"","_VenueCountry":"","_VenueProvince":"","_VenueState":"","_VenueZip":"","_VenuePhone":"","_VenueURL":"","_VenueStateProvince":"","_VenueLat":"","_VenueLng":"","_VenueShowMap":false,"_VenueShowMapLink":false,"footnotes":""},"class_list":["post-928","page","type-page","status-publish","hentry"],"_links":{"self":[{"href":"https:\/\/teszt.mariaremete.hu\/mr\/wp-json\/wp\/v2\/pages\/928","targetHints":{"allow":["GET"]}}],"collection":[{"href":"https:\/\/teszt.mariaremete.hu\/mr\/wp-json\/wp\/v2\/pages"}],"about":[{"href":"https:\/\/teszt.mariaremete.hu\/mr\/wp-json\/wp\/v2\/types\/page"}],"author":[{"embeddable":true,"href":"https:\/\/teszt.mariaremete.hu\/mr\/wp-json\/wp\/v2\/users\/2"}],"replies":[{"embeddable":true,"href":"https:\/\/teszt.mariaremete.hu\/mr\/wp-json\/wp\/v2\/comments?post=928"}],"version-history":[{"count":1,"href":"https:\/\/teszt.mariaremete.hu\/mr\/wp-json\/wp\/v2\/pages\/928\/revisions"}],"predecessor-version":[{"id":1011,"href":"https:\/\/teszt.mariaremete.hu\/mr\/wp-json\/wp\/v2\/pages\/928\/revisions\/1011"}],"wp:attachment":[{"href":"https:\/\/teszt.mariaremete.hu\/mr\/wp-json\/wp\/v2\/media?parent=928"}],"curies":[{"name":"wp","href":"https:\/\/api.w.org\/{rel}","templated":true}]}}