{"id":930,"date":"2026-04-10T03:26:14","date_gmt":"2026-04-10T01:26:14","guid":{"rendered":"https:\/\/teszt.mariaremete.hu\/mr\/fedezt-fel-a-templomot\/"},"modified":"2026-05-02T18:01:09","modified_gmt":"2026-05-02T16:01:09","slug":"fedezt-fel-a-templomot","status":"publish","type":"page","link":"https:\/\/teszt.mariaremete.hu\/mr\/fedezt-fel-a-templomot\/","title":{"rendered":"Fedezt fel a templomot!"},"content":{"rendered":"<p>A kegyhely felfedez\u00e9s\u00e9hez a gyermekek sz\u00e1m\u00e1ra aj\u00e1nljuk az als\u00f3s \u00e9s a fels\u0151s koroszt\u00e1ly sz\u00e1m\u00e1ra k\u00e9sz\u00fclt feladatlapokat, melyek a templomban megtal\u00e1lhat\u00f3k. A nyomtatv\u00e1nyok\u00e9rt adom\u00e1nyt k\u00f6sz\u00f6nettel fogadunk!<\/p>\n<p><a href=\"https:\/\/teszt.mariaremete.hu\/mr\/wp-content\/uploads\/2026\/05\/20260213_MB_gyerekfoglalkoztato_alsos_A_minta_-scaled.jpg\"><img loading=\"lazy\" decoding=\"async\" class=\"wp-image-1012 size-medium alignnone\" src=\"https:\/\/teszt.mariaremete.hu\/mr\/wp-content\/uploads\/2026\/05\/20260213_MB_gyerekfoglalkoztato_alsos_A_minta_-300x212.jpg\" alt=\"\" width=\"300\" height=\"212\" srcset=\"https:\/\/teszt.mariaremete.hu\/mr\/wp-content\/uploads\/2026\/05\/20260213_MB_gyerekfoglalkoztato_alsos_A_minta_-300x212.jpg 300w, https:\/\/teszt.mariaremete.hu\/mr\/wp-content\/uploads\/2026\/05\/20260213_MB_gyerekfoglalkoztato_alsos_A_minta_-1024x724.jpg 1024w, https:\/\/teszt.mariaremete.hu\/mr\/wp-content\/uploads\/2026\/05\/20260213_MB_gyerekfoglalkoztato_alsos_A_minta_-768x543.jpg 768w, https:\/\/teszt.mariaremete.hu\/mr\/wp-content\/uploads\/2026\/05\/20260213_MB_gyerekfoglalkoztato_alsos_A_minta_-1536x1086.jpg 1536w, https:\/\/teszt.mariaremete.hu\/mr\/wp-content\/uploads\/2026\/05\/20260213_MB_gyerekfoglalkoztato_alsos_A_minta_-2048x1448.jpg 2048w\" sizes=\"auto, (max-width: 300px) 100vw, 300px\" \/><\/a> <a href=\"https:\/\/teszt.mariaremete.hu\/mr\/wp-content\/uploads\/2026\/05\/20260213_MB_gyerekfoglalkoztato_alsos_B_minta_-scaled.jpg\"><img loading=\"lazy\" decoding=\"async\" class=\"wp-image-1013 size-medium alignnone\" src=\"https:\/\/teszt.mariaremete.hu\/mr\/wp-content\/uploads\/2026\/05\/20260213_MB_gyerekfoglalkoztato_alsos_B_minta_-300x212.jpg\" alt=\"\" width=\"300\" height=\"212\" srcset=\"https:\/\/teszt.mariaremete.hu\/mr\/wp-content\/uploads\/2026\/05\/20260213_MB_gyerekfoglalkoztato_alsos_B_minta_-300x212.jpg 300w, https:\/\/teszt.mariaremete.hu\/mr\/wp-content\/uploads\/2026\/05\/20260213_MB_gyerekfoglalkoztato_alsos_B_minta_-1024x724.jpg 1024w, https:\/\/teszt.mariaremete.hu\/mr\/wp-content\/uploads\/2026\/05\/20260213_MB_gyerekfoglalkoztato_alsos_B_minta_-768x543.jpg 768w, https:\/\/teszt.mariaremete.hu\/mr\/wp-content\/uploads\/2026\/05\/20260213_MB_gyerekfoglalkoztato_alsos_B_minta_-1536x1086.jpg 1536w, https:\/\/teszt.mariaremete.hu\/mr\/wp-content\/uploads\/2026\/05\/20260213_MB_gyerekfoglalkoztato_alsos_B_minta_-2048x1448.jpg 2048w\" sizes=\"auto, (max-width: 300px) 100vw, 300px\" \/><\/a> <a href=\"https:\/\/teszt.mariaremete.hu\/mr\/wp-content\/uploads\/2026\/05\/20260213_MB_gyerekfoglalkoztato_felsos_A_minta_-scaled.jpg\"><img loading=\"lazy\" decoding=\"async\" class=\"wp-image-1014 size-medium alignnone\" src=\"https:\/\/teszt.mariaremete.hu\/mr\/wp-content\/uploads\/2026\/05\/20260213_MB_gyerekfoglalkoztato_felsos_A_minta_-300x212.jpg\" alt=\"\" width=\"300\" height=\"212\" srcset=\"https:\/\/teszt.mariaremete.hu\/mr\/wp-content\/uploads\/2026\/05\/20260213_MB_gyerekfoglalkoztato_felsos_A_minta_-300x212.jpg 300w, https:\/\/teszt.mariaremete.hu\/mr\/wp-content\/uploads\/2026\/05\/20260213_MB_gyerekfoglalkoztato_felsos_A_minta_-1024x724.jpg 1024w, https:\/\/teszt.mariaremete.hu\/mr\/wp-content\/uploads\/2026\/05\/20260213_MB_gyerekfoglalkoztato_felsos_A_minta_-768x543.jpg 768w, https:\/\/teszt.mariaremete.hu\/mr\/wp-content\/uploads\/2026\/05\/20260213_MB_gyerekfoglalkoztato_felsos_A_minta_-1536x1086.jpg 1536w, https:\/\/teszt.mariaremete.hu\/mr\/wp-content\/uploads\/2026\/05\/20260213_MB_gyerekfoglalkoztato_felsos_A_minta_-2048x1448.jpg 2048w\" sizes=\"auto, (max-width: 300px) 100vw, 300px\" \/><\/a> <a href=\"https:\/\/teszt.mariaremete.hu\/mr\/wp-content\/uploads\/2026\/05\/20260213_MB_gyerekfoglalkoztato_felsos_B_minta_-scaled.jpg\"><img loading=\"lazy\" decoding=\"async\" class=\"wp-image-1015 size-medium alignnone\" src=\"https:\/\/teszt.mariaremete.hu\/mr\/wp-content\/uploads\/2026\/05\/20260213_MB_gyerekfoglalkoztato_felsos_B_minta_-300x212.jpg\" alt=\"\" width=\"300\" height=\"212\" srcset=\"https:\/\/teszt.mariaremete.hu\/mr\/wp-content\/uploads\/2026\/05\/20260213_MB_gyerekfoglalkoztato_felsos_B_minta_-300x212.jpg 300w, https:\/\/teszt.mariaremete.hu\/mr\/wp-content\/uploads\/2026\/05\/20260213_MB_gyerekfoglalkoztato_felsos_B_minta_-1024x724.jpg 1024w, https:\/\/teszt.mariaremete.hu\/mr\/wp-content\/uploads\/2026\/05\/20260213_MB_gyerekfoglalkoztato_felsos_B_minta_-768x543.jpg 768w, https:\/\/teszt.mariaremete.hu\/mr\/wp-content\/uploads\/2026\/05\/20260213_MB_gyerekfoglalkoztato_felsos_B_minta_-1536x1086.jpg 1536w, https:\/\/teszt.mariaremete.hu\/mr\/wp-content\/uploads\/2026\/05\/20260213_MB_gyerekfoglalkoztato_felsos_B_minta_-2048x1448.jpg 2048w\" sizes=\"auto, (max-width: 300px) 100vw, 300px\" \/><\/a><\/p>\n","protected":false},"excerpt":{"rendered":"<p>A kegyhely felfedez\u00e9s\u00e9hez a gyermekek sz\u00e1m\u00e1ra aj\u00e1nljuk az als\u00f3s \u00e9s a fels\u0151s koroszt\u00e1ly sz\u00e1m\u00e1ra k\u00e9sz\u00fclt feladatlapokat, melyek a templomban megtal\u00e1lhat\u00f3k. A nyomtatv\u00e1nyok\u00e9rt adom\u00e1nyt k\u00f6sz\u00f6nettel fogadunk!<\/p>\n","protected":false},"author":2,"featured_media":0,"parent":0,"menu_order":0,"comment_status":"closed","ping_status":"closed","template":"","meta":{"_EventAllDay":false,"_EventTimezone":"","_EventStartDate":"","_EventEndDate":"","_EventStartDateUTC":"","_EventEndDateUTC":"","_EventShowMap":false,"_EventShowMapLink":false,"_EventURL":"","_EventCost":"","_EventCostDescription":"","_EventCurrencySymbol":"","_EventCurrencyCode":"","_EventCurrencyPosition":"","_EventDateTimeSeparator":"","_EventTimeRangeSeparator":"","_EventOrganizerID":[],"_EventVenueID":[],"_OrganizerEmail":"","_OrganizerPhone":"","_OrganizerWebsite":"","_VenueAddress":"","_VenueCity":"","_VenueCountry":"","_VenueProvince":"","_VenueState":"","_VenueZip":"","_VenuePhone":"","_VenueURL":"","_VenueStateProvince":"","_VenueLat":"","_VenueLng":"","_VenueShowMap":false,"_VenueShowMapLink":false,"footnotes":""},"class_list":["post-930","page","type-page","status-publish","hentry"],"_links":{"self":[{"href":"https:\/\/teszt.mariaremete.hu\/mr\/wp-json\/wp\/v2\/pages\/930","targetHints":{"allow":["GET"]}}],"collection":[{"href":"https:\/\/teszt.mariaremete.hu\/mr\/wp-json\/wp\/v2\/pages"}],"about":[{"href":"https:\/\/teszt.mariaremete.hu\/mr\/wp-json\/wp\/v2\/types\/page"}],"author":[{"embeddable":true,"href":"https:\/\/teszt.mariaremete.hu\/mr\/wp-json\/wp\/v2\/users\/2"}],"replies":[{"embeddable":true,"href":"https:\/\/teszt.mariaremete.hu\/mr\/wp-json\/wp\/v2\/comments?post=930"}],"version-history":[{"count":6,"href":"https:\/\/teszt.mariaremete.hu\/mr\/wp-json\/wp\/v2\/pages\/930\/revisions"}],"predecessor-version":[{"id":1021,"href":"https:\/\/teszt.mariaremete.hu\/mr\/wp-json\/wp\/v2\/pages\/930\/revisions\/1021"}],"wp:attachment":[{"href":"https:\/\/teszt.mariaremete.hu\/mr\/wp-json\/wp\/v2\/media?parent=930"}],"curies":[{"name":"wp","href":"https:\/\/api.w.org\/{rel}","templated":true}]}}