{"id":940,"date":"2026-04-10T03:33:21","date_gmt":"2026-04-10T01:33:21","guid":{"rendered":"https:\/\/teszt.mariaremete.hu\/mr\/baba-mama-klub\/"},"modified":"2026-05-02T17:36:21","modified_gmt":"2026-05-02T15:36:21","slug":"baba-mama-klub","status":"publish","type":"page","link":"https:\/\/teszt.mariaremete.hu\/mr\/baba-mama-klub\/","title":{"rendered":"Baba-mama klub"},"content":{"rendered":"<p>A pl\u00e9b\u00e1niai baba-mama klub nev\u00e9ben szeretettel v\u00e1rom a k\u00f6rny\u00e9kbeli \u00e9desany\u00e1kat 0-3 \u00e9ves gyermekeikkel keddi (9:30-11:00) alkalmainkra a hittanterembe. A templomon kereszt\u00fcl lehet bejutni a k\u00e1poln\u00e1ba (jobb oldalhaj\u00f3), ahol az olt\u00e1r m\u00f6g\u00f6tt ny\u00edlik a terem ajtaja. A harsanyivirag10@gmail.com e-mail c\u00edmen vagy a 06202346429 telefonsz\u00e1mon lehet felvenni velem a kapcsolatot.<\/p>\n<p>Az alkalmakat mond\u00f3k\u00e1z\u00e1ssal, \u00e9nekl\u00e9ssel kezdj\u00fck, majd egy im\u00e1ds\u00e1ggal nyitjuk meg a besz\u00e9lget\u00e9st, amire mindig k\u00e9sz\u00fcl valamelyik\u00fcnk t\u00e9m\u00e1val az anyas\u00e1ggal, gyermeknevel\u00e9ssel, adott \u00fcnnepk\u00f6rrel kapcsolatban. Ezalatt a gyerekeknek szabad foglalkoz\u00e1s van, amihez biztos\u00edtunk j\u00e1t\u00e9kszereket. J\u00f3 id\u0151ben tartunk babakocsis-kir\u00e1ndul\u00f3s vagy j\u00e1tsz\u00f3terez\u0151s alkalmakat is.<\/p>\n<p>P\u00e1r anyuk\u00e1val felv\u00e1ltva k\u00e9sz\u00fcl\u00fcnk a klubokra, de ha b\u00e1rki ind\u00edttat\u00e1st \u00e9rez mag\u00e1ban, hogy gazdag\u00edtsa a k\u00f6z\u00f6ss\u00e9get ak\u00e1r mond\u00f3k\u00e1z\u00e1s vagy besz\u00e9lget\u00e9s vezet\u00e9s\u00e9vel, van r\u00e1 lehet\u0151s\u00e9ge. M\u00e9g nem h\u00edvtunk k\u00fcl\u00f6n el\u0151ad\u00f3t a csal\u00e1dias k\u00f6zeg miatt, de nyitottak vagyunk r\u00e1.<\/p>\n<p>A klub v\u00e1rja a m\u00e1s felekezetbe j\u00e1r\u00f3 \u00e9desany\u00e1kat is, nagy \u00f6r\u00f6m sz\u00e1munkra, ha a pl\u00e9b\u00e1nia falain t\u00falr\u00f3l is csatlakoznak hozz\u00e1nk. M\u00e1r megfordultak n\u00e1lunk p\u00e9ld\u00e1ul Solym\u00e1rr\u00f3l is, de els\u0151sorban a M\u00e1riaremetei h\u00edvek sz\u00e1m\u00e1ra szeretn\u00e9nk megadni a lehet\u0151s\u00e9get, hogy kisgyermekes \u00e9lethelyzetben kapcsol\u00f3dhassanak egym\u00e1shoz, tapasztalatot cser\u00e9lhessenek, t\u00e1mogathass\u00e1k egym\u00e1st. Valamint gyermekre v\u00e1r\u00f3-\/ v\u00e1gy\u00f3kat is szeretettel v\u00e1rjuk.<\/p>\n<p>H\u00e1l\u00e1san k\u00f6sz\u00f6nj\u00fck, ha eljuttatj\u00e1tok a h\u00edrt ismer\u0151seitek fel\u00e9. Ak\u00e1r csak egy-egy alkalomra is \u00e9rdemes ben\u00e9zni hozz\u00e1nk kiszakadva a h\u00e9tk\u00f6znapok forgatag\u00e1b\u00f3l.<\/p>\n<p>A klub tart\u00f3 \u00e9desany\u00e1k nev\u00e9ben: Vid\u00e1n\u00e9 Hars\u00e1nyi Vir\u00e1g<\/p>\n","protected":false},"excerpt":{"rendered":"<p>A pl\u00e9b\u00e1niai baba-mama klub nev\u00e9ben szeretettel v\u00e1rom a k\u00f6rny\u00e9kbeli \u00e9desany\u00e1kat 0-3 \u00e9ves gyermekeikkel keddi (9:30-11:00) alkalmainkra a hittanterembe. A templomon kereszt\u00fcl lehet bejutni a k\u00e1poln\u00e1ba (jobb oldalhaj\u00f3), ahol az olt\u00e1r [&hellip;]<\/p>\n","protected":false},"author":2,"featured_media":0,"parent":0,"menu_order":0,"comment_status":"closed","ping_status":"closed","template":"","meta":{"_EventAllDay":false,"_EventTimezone":"","_EventStartDate":"","_EventEndDate":"","_EventStartDateUTC":"","_EventEndDateUTC":"","_EventShowMap":false,"_EventShowMapLink":false,"_EventURL":"","_EventCost":"","_EventCostDescription":"","_EventCurrencySymbol":"","_EventCurrencyCode":"","_EventCurrencyPosition":"","_EventDateTimeSeparator":"","_EventTimeRangeSeparator":"","_EventOrganizerID":[],"_EventVenueID":[],"_OrganizerEmail":"","_OrganizerPhone":"","_OrganizerWebsite":"","_VenueAddress":"","_VenueCity":"","_VenueCountry":"","_VenueProvince":"","_VenueState":"","_VenueZip":"","_VenuePhone":"","_VenueURL":"","_VenueStateProvince":"","_VenueLat":"","_VenueLng":"","_VenueShowMap":false,"_VenueShowMapLink":false,"footnotes":""},"class_list":["post-940","page","type-page","status-publish","hentry"],"_links":{"self":[{"href":"https:\/\/teszt.mariaremete.hu\/mr\/wp-json\/wp\/v2\/pages\/940","targetHints":{"allow":["GET"]}}],"collection":[{"href":"https:\/\/teszt.mariaremete.hu\/mr\/wp-json\/wp\/v2\/pages"}],"about":[{"href":"https:\/\/teszt.mariaremete.hu\/mr\/wp-json\/wp\/v2\/types\/page"}],"author":[{"embeddable":true,"href":"https:\/\/teszt.mariaremete.hu\/mr\/wp-json\/wp\/v2\/users\/2"}],"replies":[{"embeddable":true,"href":"https:\/\/teszt.mariaremete.hu\/mr\/wp-json\/wp\/v2\/comments?post=940"}],"version-history":[{"count":1,"href":"https:\/\/teszt.mariaremete.hu\/mr\/wp-json\/wp\/v2\/pages\/940\/revisions"}],"predecessor-version":[{"id":995,"href":"https:\/\/teszt.mariaremete.hu\/mr\/wp-json\/wp\/v2\/pages\/940\/revisions\/995"}],"wp:attachment":[{"href":"https:\/\/teszt.mariaremete.hu\/mr\/wp-json\/wp\/v2\/media?parent=940"}],"curies":[{"name":"wp","href":"https:\/\/api.w.org\/{rel}","templated":true}]}}