{"id":947,"date":"2026-04-10T03:35:31","date_gmt":"2026-04-10T01:35:31","guid":{"rendered":"https:\/\/teszt.mariaremete.hu\/mr\/szkola\/"},"modified":"2026-05-02T17:37:28","modified_gmt":"2026-05-02T15:37:28","slug":"szkola","status":"publish","type":"page","link":"https:\/\/teszt.mariaremete.hu\/mr\/szkola\/","title":{"rendered":"Szk\u00f3la"},"content":{"rendered":"<p>Templomunk Schol\u00e1ja 2024 \u00f3ta szolg\u00e1l minden h\u00f3nap els\u0151 vas\u00e1rnapj\u00e1n, a 9 \u00f3r\u00e1s csal\u00e1dos szentmis\u00e9n (kiv\u00e9ve a ny\u00e1ri h\u00f3napokat), illetve \u00e9nekel\u00fcnk a Nagyheti szertart\u00e1sokon is. Pr\u00f3b\u00e1lni az aktu\u00e1lis alkalom el\u0151tt szoktunk.<\/p>\n<p>A szentmis\u00e9ken az \u00c9nekl\u0151 Egyh\u00e1z \u00e9s a Graduale Hungarikum egysz\u00f3lam\u00fa t\u00e9teleit \u00e9nekelj\u00fck. Szeretettel v\u00e1rjuk tagjaink sor\u00e1ba -nemt\u0151l \u00e9s korhat\u00e1rt\u00f3l f\u00fcggetlen\u00fcl- azokat, akik szeretik a liturgikus egyh\u00e1zi zen\u00e9t \u00e9s v\u00e1llalj\u00e1k a rendszeres \u00e9nekes szolg\u00e1latot. Jelentkezni M\u00f3zes Krisztina k\u00e1ntor-karnagyn\u00e1l lehet.<\/p>\n<p>&nbsp;<\/p>\n","protected":false},"excerpt":{"rendered":"<p>Templomunk Schol\u00e1ja 2024 \u00f3ta szolg\u00e1l minden h\u00f3nap els\u0151 vas\u00e1rnapj\u00e1n, a 9 \u00f3r\u00e1s csal\u00e1dos szentmis\u00e9n (kiv\u00e9ve a ny\u00e1ri h\u00f3napokat), illetve \u00e9nekel\u00fcnk a Nagyheti szertart\u00e1sokon is. Pr\u00f3b\u00e1lni az aktu\u00e1lis alkalom el\u0151tt szoktunk. [&hellip;]<\/p>\n","protected":false},"author":2,"featured_media":0,"parent":0,"menu_order":0,"comment_status":"closed","ping_status":"closed","template":"","meta":{"_EventAllDay":false,"_EventTimezone":"","_EventStartDate":"","_EventEndDate":"","_EventStartDateUTC":"","_EventEndDateUTC":"","_EventShowMap":false,"_EventShowMapLink":false,"_EventURL":"","_EventCost":"","_EventCostDescription":"","_EventCurrencySymbol":"","_EventCurrencyCode":"","_EventCurrencyPosition":"","_EventDateTimeSeparator":"","_EventTimeRangeSeparator":"","_EventOrganizerID":[],"_EventVenueID":[],"_OrganizerEmail":"","_OrganizerPhone":"","_OrganizerWebsite":"","_VenueAddress":"","_VenueCity":"","_VenueCountry":"","_VenueProvince":"","_VenueState":"","_VenueZip":"","_VenuePhone":"","_VenueURL":"","_VenueStateProvince":"","_VenueLat":"","_VenueLng":"","_VenueShowMap":false,"_VenueShowMapLink":false,"footnotes":""},"class_list":["post-947","page","type-page","status-publish","hentry"],"_links":{"self":[{"href":"https:\/\/teszt.mariaremete.hu\/mr\/wp-json\/wp\/v2\/pages\/947","targetHints":{"allow":["GET"]}}],"collection":[{"href":"https:\/\/teszt.mariaremete.hu\/mr\/wp-json\/wp\/v2\/pages"}],"about":[{"href":"https:\/\/teszt.mariaremete.hu\/mr\/wp-json\/wp\/v2\/types\/page"}],"author":[{"embeddable":true,"href":"https:\/\/teszt.mariaremete.hu\/mr\/wp-json\/wp\/v2\/users\/2"}],"replies":[{"embeddable":true,"href":"https:\/\/teszt.mariaremete.hu\/mr\/wp-json\/wp\/v2\/comments?post=947"}],"version-history":[{"count":1,"href":"https:\/\/teszt.mariaremete.hu\/mr\/wp-json\/wp\/v2\/pages\/947\/revisions"}],"predecessor-version":[{"id":996,"href":"https:\/\/teszt.mariaremete.hu\/mr\/wp-json\/wp\/v2\/pages\/947\/revisions\/996"}],"wp:attachment":[{"href":"https:\/\/teszt.mariaremete.hu\/mr\/wp-json\/wp\/v2\/media?parent=947"}],"curies":[{"name":"wp","href":"https:\/\/api.w.org\/{rel}","templated":true}]}}