{"id":949,"date":"2026-04-10T03:35:55","date_gmt":"2026-04-10T01:35:55","guid":{"rendered":"https:\/\/teszt.mariaremete.hu\/mr\/karitasz\/"},"modified":"2026-05-02T17:43:08","modified_gmt":"2026-05-02T15:43:08","slug":"karitasz","status":"publish","type":"page","link":"https:\/\/teszt.mariaremete.hu\/mr\/karitasz\/","title":{"rendered":"Karit\u00e1sz"},"content":{"rendered":"<p>\u201eNagy dolgokat tenni nem tudunk, csak kicsiket nagy szeretettel\u201d (Kalkuttai Szent Ter\u00e9z)<\/p>\n<p>Pl\u00e9b\u00e1ni\u00e1nk \u00fajj\u00e1alakult karitasz csoportja 2025-ben kezdte meg m\u0171k\u00f6d\u00e9s\u00e9t, bekapcsol\u00f3dva az Orsz\u00e1gos Karitasz szervezetbe. Alapvet\u0151 feladatunk a r\u00e1szorul\u00f3k megseg\u00edt\u00e9se vall\u00e1si \u00e9s felekezeti hovatartoz\u00e1st\u00f3l f\u00fcggetlen\u00fcl.<\/p>\n<p>Eddigi tev\u00e9kenys\u00e9geink:<\/p>\n<p>-H\u00fasv\u00e9ti \u00e9s kar\u00e1csonyi \u00e9lelmiszer csomaggal seg\u00edtett\u00fck a r\u00e1szorul\u00f3kat pl\u00e9b\u00e1niai k\u00f6z\u00f6ss\u00e9g\u00fcnk p\u00e9nzadom\u00e1ny\u00e1b\u00f3l. A csomagok az\u00e9rt is fontosak, mert ez\u00e1ltal lehet\u0151s\u00e9g\u00fcnk van a szem\u00e9lyes kapcsolatok er\u0151s\u00edt\u00e9s\u00e9re.<\/p>\n<p>-A XXIII. J\u00e1nos P\u00e1pa Id\u0151sotthon vezet\u0151s\u00e9g\u00e9vel felvett\u00fck a kapcsolatot \u00e9s az \u0151 ir\u00e1ny\u00edt\u00e1sukkal \u00f6nk\u00e9nteseink l\u00e1togatj\u00e1k a bentlak\u00f3kat.<\/p>\n<p>-Eseti seg\u00e9lyakci\u00f3t szervezt\u00fcnk (t\u0171zifa).<\/p>\n<p>-Bekapcsolodtunk a pl\u00e9b\u00e1nia esem\u00e9nyeibe (kereszt\u00fat, zar\u00e1ndokok fogad\u00e1sa).<\/p>\n<p>-Felvett\u00fck a kapcsolatot a ker\u00fcleti Csal\u00e1dseg\u00edt\u0151vel.<\/p>\n<p>Terveink:<\/p>\n<p>-Tov\u00e1bbi r\u00e1szorul\u00f3k felkutat\u00e1sa, amelyhez ez\u00faton is sz\u00edvesen fogadunk seg\u00edts\u00e9get ( johanna@seidl. hu)<\/p>\n<p>-Kisgyerekes csal\u00e1dok \u201ep\u00f3t-nagysz\u00fcl\u0151i\u201d seg\u00edt\u00e9s\u00e9nek elind\u00edt\u00e1sa<\/p>\n<p>Szeretettel v\u00e1runk csoportunkba tov\u00e1bbi \u00f6nk\u00e9nteseket!<br \/>\nJelentkez\u00e9s: Seidln\u00e9 Johanna (<span style=\"color: #3366ff;\">johanna [kukac] seidl.hu<\/span>)<\/p>\n<p>&nbsp;<\/p>\n","protected":false},"excerpt":{"rendered":"<p>\u201eNagy dolgokat tenni nem tudunk, csak kicsiket nagy szeretettel\u201d (Kalkuttai Szent Ter\u00e9z) Pl\u00e9b\u00e1ni\u00e1nk \u00fajj\u00e1alakult karitasz csoportja 2025-ben kezdte meg m\u0171k\u00f6d\u00e9s\u00e9t, bekapcsol\u00f3dva az Orsz\u00e1gos Karitasz szervezetbe. Alapvet\u0151 feladatunk a r\u00e1szorul\u00f3k megseg\u00edt\u00e9se [&hellip;]<\/p>\n","protected":false},"author":2,"featured_media":0,"parent":0,"menu_order":0,"comment_status":"closed","ping_status":"closed","template":"","meta":{"_EventAllDay":false,"_EventTimezone":"","_EventStartDate":"","_EventEndDate":"","_EventStartDateUTC":"","_EventEndDateUTC":"","_EventShowMap":false,"_EventShowMapLink":false,"_EventURL":"","_EventCost":"","_EventCostDescription":"","_EventCurrencySymbol":"","_EventCurrencyCode":"","_EventCurrencyPosition":"","_EventDateTimeSeparator":"","_EventTimeRangeSeparator":"","_EventOrganizerID":[],"_EventVenueID":[],"_OrganizerEmail":"","_OrganizerPhone":"","_OrganizerWebsite":"","_VenueAddress":"","_VenueCity":"","_VenueCountry":"","_VenueProvince":"","_VenueState":"","_VenueZip":"","_VenuePhone":"","_VenueURL":"","_VenueStateProvince":"","_VenueLat":"","_VenueLng":"","_VenueShowMap":false,"_VenueShowMapLink":false,"footnotes":""},"class_list":["post-949","page","type-page","status-publish","hentry"],"_links":{"self":[{"href":"https:\/\/teszt.mariaremete.hu\/mr\/wp-json\/wp\/v2\/pages\/949","targetHints":{"allow":["GET"]}}],"collection":[{"href":"https:\/\/teszt.mariaremete.hu\/mr\/wp-json\/wp\/v2\/pages"}],"about":[{"href":"https:\/\/teszt.mariaremete.hu\/mr\/wp-json\/wp\/v2\/types\/page"}],"author":[{"embeddable":true,"href":"https:\/\/teszt.mariaremete.hu\/mr\/wp-json\/wp\/v2\/users\/2"}],"replies":[{"embeddable":true,"href":"https:\/\/teszt.mariaremete.hu\/mr\/wp-json\/wp\/v2\/comments?post=949"}],"version-history":[{"count":4,"href":"https:\/\/teszt.mariaremete.hu\/mr\/wp-json\/wp\/v2\/pages\/949\/revisions"}],"predecessor-version":[{"id":1005,"href":"https:\/\/teszt.mariaremete.hu\/mr\/wp-json\/wp\/v2\/pages\/949\/revisions\/1005"}],"wp:attachment":[{"href":"https:\/\/teszt.mariaremete.hu\/mr\/wp-json\/wp\/v2\/media?parent=949"}],"curies":[{"name":"wp","href":"https:\/\/api.w.org\/{rel}","templated":true}]}}