{"id":953,"date":"2026-04-10T03:36:54","date_gmt":"2026-04-10T01:36:54","guid":{"rendered":"https:\/\/teszt.mariaremete.hu\/mr\/edesanyak-imai\/"},"modified":"2026-05-02T17:41:16","modified_gmt":"2026-05-02T15:41:16","slug":"edesanyak-imai","status":"publish","type":"page","link":"https:\/\/teszt.mariaremete.hu\/mr\/edesanyak-imai\/","title":{"rendered":"\u00c9desany\u00e1k Im\u00e1i"},"content":{"rendered":"<p><span style=\"color: #222222;\">Az \u00c9desany\u00e1k Im\u00e1i egy 1995-ben, Angli\u00e1b\u00f3l indult nemzetk\u00f6zi imamozgalom, amely ma m\u00e1r t\u00f6bb mint 130 orsz\u00e1gban van jelen, \u00e9s Hidegk\u00faton is h\u00e9t csoport m\u0171k\u00f6dik. Lelkis\u00e9g\u00e9nek k\u00f6z\u00e9ppontj\u00e1ban az a bizalom \u00e1ll, hogy az \u00e9desany\u00e1k gyermekeiket teljesen J\u00e9zusra b\u00edzz\u00e1k, tudva, hogy \u0150 m\u00e9g n\u00e1luk is jobban szereti \u0151ket. A kis l\u00e9tsz\u00e1m\u00fa, heti imaalkalmak egys\u00e9ges rend szerint zajlanak: dics\u0151\u00edt\u00e9ssel, Szent\u00edr\u00e1s-olvas\u00e1ssal, h\u00e1laad\u00e1ssal, valamint az alkalom legfontosabb gesztus\u00e1val, amikor az \u00e9desany\u00e1k gyermekeik \u00e9s csal\u00e1dtagjaik nev\u00e9t feh\u00e9r korongokra \u00edrj\u00e1k, majd im\u00e1ds\u00e1g k\u00eds\u00e9ret\u00e9ben egy kis kos\u00e1rba helyezik a kereszt l\u00e1b\u00e1n\u00e1l, jelk\u00e9pesen J\u00e9zus gondvisel\u00e9s\u00e9re b\u00edzva \u0151ket. A k\u00f6z\u00f6ss\u00e9gbe szeretettel v\u00e1rnak mindenkit, aki sz\u00edv\u00e9ben hordozza a gyermekek\u00e9rt val\u00f3 im\u00e1ds\u00e1g v\u00e1gy\u00e1t \u2013 ak\u00e1r \u00e9desanyak\u00e9nt, ak\u00e1r lelki anyak\u00e9nt.<\/span><\/p>\n<p><span style=\"color: #222222;\">Kapcsolat: <\/span><span style=\"color: #3366ff;\">paliczgabo [kukac] gmail.com<\/span><\/p>\n","protected":false},"excerpt":{"rendered":"<p>Az \u00c9desany\u00e1k Im\u00e1i egy 1995-ben, Angli\u00e1b\u00f3l indult nemzetk\u00f6zi imamozgalom, amely ma m\u00e1r t\u00f6bb mint 130 orsz\u00e1gban van jelen, \u00e9s Hidegk\u00faton is h\u00e9t csoport m\u0171k\u00f6dik. Lelkis\u00e9g\u00e9nek k\u00f6z\u00e9ppontj\u00e1ban az a bizalom \u00e1ll, [&hellip;]<\/p>\n","protected":false},"author":2,"featured_media":0,"parent":0,"menu_order":0,"comment_status":"closed","ping_status":"closed","template":"","meta":{"_EventAllDay":false,"_EventTimezone":"","_EventStartDate":"","_EventEndDate":"","_EventStartDateUTC":"","_EventEndDateUTC":"","_EventShowMap":false,"_EventShowMapLink":false,"_EventURL":"","_EventCost":"","_EventCostDescription":"","_EventCurrencySymbol":"","_EventCurrencyCode":"","_EventCurrencyPosition":"","_EventDateTimeSeparator":"","_EventTimeRangeSeparator":"","_EventOrganizerID":[],"_EventVenueID":[],"_OrganizerEmail":"","_OrganizerPhone":"","_OrganizerWebsite":"","_VenueAddress":"","_VenueCity":"","_VenueCountry":"","_VenueProvince":"","_VenueState":"","_VenueZip":"","_VenuePhone":"","_VenueURL":"","_VenueStateProvince":"","_VenueLat":"","_VenueLng":"","_VenueShowMap":false,"_VenueShowMapLink":false,"footnotes":""},"class_list":["post-953","page","type-page","status-publish","hentry"],"_links":{"self":[{"href":"https:\/\/teszt.mariaremete.hu\/mr\/wp-json\/wp\/v2\/pages\/953","targetHints":{"allow":["GET"]}}],"collection":[{"href":"https:\/\/teszt.mariaremete.hu\/mr\/wp-json\/wp\/v2\/pages"}],"about":[{"href":"https:\/\/teszt.mariaremete.hu\/mr\/wp-json\/wp\/v2\/types\/page"}],"author":[{"embeddable":true,"href":"https:\/\/teszt.mariaremete.hu\/mr\/wp-json\/wp\/v2\/users\/2"}],"replies":[{"embeddable":true,"href":"https:\/\/teszt.mariaremete.hu\/mr\/wp-json\/wp\/v2\/comments?post=953"}],"version-history":[{"count":3,"href":"https:\/\/teszt.mariaremete.hu\/mr\/wp-json\/wp\/v2\/pages\/953\/revisions"}],"predecessor-version":[{"id":1002,"href":"https:\/\/teszt.mariaremete.hu\/mr\/wp-json\/wp\/v2\/pages\/953\/revisions\/1002"}],"wp:attachment":[{"href":"https:\/\/teszt.mariaremete.hu\/mr\/wp-json\/wp\/v2\/media?parent=953"}],"curies":[{"name":"wp","href":"https:\/\/api.w.org\/{rel}","templated":true}]}}