{"id":957,"date":"2026-04-10T03:37:52","date_gmt":"2026-04-10T01:37:52","guid":{"rendered":"https:\/\/teszt.mariaremete.hu\/mr\/teremtesvedelmi-csoport\/"},"modified":"2026-05-02T17:42:44","modified_gmt":"2026-05-02T15:42:44","slug":"teremtesvedelmi-csoport","status":"publish","type":"page","link":"https:\/\/teszt.mariaremete.hu\/mr\/teremtesvedelmi-csoport\/","title":{"rendered":"Teremt\u00e9sv\u00e9delmi csoport"},"content":{"rendered":"<p>A Kisboldogasszony Teremt\u00e9sv\u00e9delmi Munkacsoport 2024 v\u00e9g\u00e9n alakult 5 f\u0151vel, azokb\u00f3l, akik elv\u00e9gezt\u00fck a P\u00fcsp\u00f6ki Konferencia \u00e9s a Naphimnusz Egyes\u00fclet k\u00f6z\u00f6s szervez\u00e9s\u00e9ben ind\u00edtott Laudato\u2019Si anim\u00e1tork\u00e9pz\u0151t.<\/p>\n<p>C\u00e9lunk:<\/p>\n<p>-k\u00f6z\u00f6ss\u00e9g\u00fcnkben tudatos\u00edtani Ferenc p\u00e1pa felh\u00edv\u00e1s\u00e1t miszerint:<\/p>\n<p><i>&#8222;&#8230;hogy v\u00e9delmez\u0151i legy\u00fcnk Isten m\u0171v\u00e9nek, l\u00e9nyegi r\u00e9sze az \u00e9letnek, nem valami szabadon v\u00e1laszthat\u00f3 feladat&#8230;&#8221; (LSi 217.)<\/i><\/p>\n<p>-tan\u00fas\u00e1got tenni arr\u00f3l, hogy<\/p>\n<p><i>&#8221; A szabadon \u00e9s tudatosan meg\u00e9lt m\u00e9rt\u00e9ktart\u00e1s felszabad\u00edt\u00f3.&#8221; (LSi 223.)<\/i><\/p>\n<p>-hangs\u00falyozni rem\u00e9ny\u00fcnk alapj\u00e1t,<\/p>\n<p>\u201e<i>mivel tudjuk, hogy a dolgokon lehet v\u00e1ltoztatni.&#8221; (LSi 13.)<\/i><\/p>\n<p>Eddig a csal\u00e1di napon, a n\u00f6v\u00e9nyb\u00f6rz\u00e9n, pl\u00e9b\u00e1niai aj\u00e1nd\u00e9kcsomagok k\u00e9sz\u00edt\u00e9s\u00e9n, zar\u00e1ndokok \u00e9s \u00fcnnepl\u0151k megvend\u00e9gel\u00e9s\u00e9n pr\u00f3b\u00e1ltuk a fenntarthat\u00f3s\u00e1g szempontjait \u00e9rv\u00e9nyes\u00edteni. Az idei csal\u00e1di ny\u00e1ri t\u00e1bornak a teremt\u00e9sv\u00e9delem lesz a f\u0151 t\u00e9m\u00e1ja, most ezt seg\u00edt\u00fcnk tartalommal megt\u00f6lteni.<\/p>\n<p>Szeretettel v\u00e1rjuk csoportunkba mindazokat, akik sz\u00edvesen egy\u00fcttm\u0171k\u00f6dnek c\u00e9lkit\u0171z\u00e9seink megval\u00f3s\u00edt\u00e1s\u00e1ban.<\/p>\n<p>Kapcsolattart\u00f3: Seidln\u00e9 Johanna (<span style=\"color: #3366ff;\">johanna [kukac] seidl.hu<\/span>)<\/p>\n","protected":false},"excerpt":{"rendered":"<p>A Kisboldogasszony Teremt\u00e9sv\u00e9delmi Munkacsoport 2024 v\u00e9g\u00e9n alakult 5 f\u0151vel, azokb\u00f3l, akik elv\u00e9gezt\u00fck a P\u00fcsp\u00f6ki Konferencia \u00e9s a Naphimnusz Egyes\u00fclet k\u00f6z\u00f6s szervez\u00e9s\u00e9ben ind\u00edtott Laudato\u2019Si anim\u00e1tork\u00e9pz\u0151t. C\u00e9lunk: -k\u00f6z\u00f6ss\u00e9g\u00fcnkben tudatos\u00edtani Ferenc p\u00e1pa felh\u00edv\u00e1s\u00e1t [&hellip;]<\/p>\n","protected":false},"author":2,"featured_media":0,"parent":0,"menu_order":0,"comment_status":"closed","ping_status":"closed","template":"","meta":{"_EventAllDay":false,"_EventTimezone":"","_EventStartDate":"","_EventEndDate":"","_EventStartDateUTC":"","_EventEndDateUTC":"","_EventShowMap":false,"_EventShowMapLink":false,"_EventURL":"","_EventCost":"","_EventCostDescription":"","_EventCurrencySymbol":"","_EventCurrencyCode":"","_EventCurrencyPosition":"","_EventDateTimeSeparator":"","_EventTimeRangeSeparator":"","_EventOrganizerID":[],"_EventVenueID":[],"_OrganizerEmail":"","_OrganizerPhone":"","_OrganizerWebsite":"","_VenueAddress":"","_VenueCity":"","_VenueCountry":"","_VenueProvince":"","_VenueState":"","_VenueZip":"","_VenuePhone":"","_VenueURL":"","_VenueStateProvince":"","_VenueLat":"","_VenueLng":"","_VenueShowMap":false,"_VenueShowMapLink":false,"footnotes":""},"class_list":["post-957","page","type-page","status-publish","hentry"],"_links":{"self":[{"href":"https:\/\/teszt.mariaremete.hu\/mr\/wp-json\/wp\/v2\/pages\/957","targetHints":{"allow":["GET"]}}],"collection":[{"href":"https:\/\/teszt.mariaremete.hu\/mr\/wp-json\/wp\/v2\/pages"}],"about":[{"href":"https:\/\/teszt.mariaremete.hu\/mr\/wp-json\/wp\/v2\/types\/page"}],"author":[{"embeddable":true,"href":"https:\/\/teszt.mariaremete.hu\/mr\/wp-json\/wp\/v2\/users\/2"}],"replies":[{"embeddable":true,"href":"https:\/\/teszt.mariaremete.hu\/mr\/wp-json\/wp\/v2\/comments?post=957"}],"version-history":[{"count":1,"href":"https:\/\/teszt.mariaremete.hu\/mr\/wp-json\/wp\/v2\/pages\/957\/revisions"}],"predecessor-version":[{"id":1004,"href":"https:\/\/teszt.mariaremete.hu\/mr\/wp-json\/wp\/v2\/pages\/957\/revisions\/1004"}],"wp:attachment":[{"href":"https:\/\/teszt.mariaremete.hu\/mr\/wp-json\/wp\/v2\/media?parent=957"}],"curies":[{"name":"wp","href":"https:\/\/api.w.org\/{rel}","templated":true}]}}